{"id":3732,"date":"2018-12-26T15:39:30","date_gmt":"2018-12-26T20:39:30","guid":{"rendered":"https:\/\/servicelabcanada.ca\/product\/liquid-sanitizer-for-low-temperature-dishwasher-20l\/"},"modified":"2026-01-06T15:31:20","modified_gmt":"2026-01-06T20:31:20","slug":"liquid-sanitizer-for-low-temperature-dishwasher-20l","status":"publish","type":"product","link":"https:\/\/servicelabcanada.ca\/en\/product\/liquid-sanitizer-for-low-temperature-dishwasher-20l\/","title":{"rendered":"SL LOW TEMPERATURE LIQUID SANITIZER (ALL WATER TYPES) (20L)"},"content":{"rendered":"<p>LIQUID SANITIZER FOR LOW-TEMPERATURE DISHWASHER :<\/p>\n<ul>\n<li>Sodium hypochlorite provides the disinfecting action required for machine dishwashing cycles under 180\u1d52F.<\/li>\n<li>Powers over 7000 washes.<\/li>\n<li>Ideal for your dishwasher<\/li>\n<\/ul>\n","protected":false},"excerpt":{"rendered":"<p>LIQUID SANITIZER FOR LOW-TEMPERATURE DISHWASHER\u00a0 &#8211; 1x20L<\/p>\n<hr \/>\n<p><span style=\"color: #000080\"><strong>DOCUMENTATION:<\/strong><\/span><\/p>\n<p>SDS <span style=\"color: #ff0000\">Anglais <span style=\"color: #3366ff\"><a href=\"https:\/\/servicelabcanada.ca\/wp-content\/uploads\/2018\/12\/SL-ASSAINISSANT-LIQUIDE-POUR-UTILISATION-A-BASSE-TEMPERATURE_7403_7402_ENG.pdf\">SL ASSAINISSANT LIQUIDE POUR UTILISATION \u00c0 BASSE TEMP\u00c9RATURE_7403_7402_ENG<\/a><\/span><\/span><\/p>\n<p>Fiche technique <span style=\"color: #ff0000\">Anglais <a href=\"https:\/\/servicelabcanada.ca\/wp-content\/uploads\/2024\/01\/SL-ASSAINISSANT-LIQUIDE-POUR-UTILISATION-A-BASSE-TEMPERATURE_7403_7402_ENG-1.pdf\">SL ASSAINISSANT LIQUIDE POUR UTILISATION \u00c0 BASSE TEMP\u00c9RATURE_7403_7402_ENG<\/a><\/span><\/p>\n<p>SDS <span style=\"color: #3366ff\">Fran\u00e7ais <a href=\"https:\/\/servicelabcanada.ca\/wp-content\/uploads\/2018\/12\/SL-ASSAINISSANT-LIQUIDE-POUR-UTILISATION-A-BASSE-TEMPERATURE_7403_7402_FR.pdf\">SL ASSAINISSANT LIQUIDE POUR UTILISATION \u00c0 BASSE TEMP\u00c9RATURE_7403_7402_FR<\/a><\/span><\/p>\n<p>Fiche technique <span style=\"color: #3366ff\">Fran\u00e7ais<\/span> <a href=\"https:\/\/servicelabcanada.ca\/wp-content\/uploads\/2018\/12\/SL-ADDITIF-DE-RINCAGE-LIQUIDE-POUR-UTILISATION-A-TOUTE-TEMPERATURE_7215_7214_FR-1.pdf\">SL ADDITIF DE RIN\u00c7AGE LIQUIDE POUR UTILISATION \u00c0 TOUTE TEMP\u00c9RATURE_7215_7214_FR<\/a><\/p>\n","protected":false},"featured_media":3733,"template":"","meta":{"_acf_changed":false,"_seopress_robots_primary_cat":"none","_seopress_titles_title":"","_seopress_titles_desc":"","_seopress_robots_index":"","_uag_custom_page_level_css":""},"product_brand":[],"product_cat":[541,557],"product_tag":[],"class_list":{"0":"post-3732","1":"product","2":"type-product","3":"status-publish","4":"has-post-thumbnail","6":"product_cat-dishwashing","7":"product_cat-sanitizer-en","8":"pa_dilusion-213","9":"pa_size-1x20l","10":"pif-has-gallery","12":"first","13":"instock","14":"taxable","15":"shipping-taxable","16":"purchasable","17":"product-type-simple"},"acf":[],"uagb_featured_image_src":{"full":["https:\/\/servicelabcanada.ca\/wp-content\/uploads\/2022\/10\/LOW-TEMPERAUTRE-LIQUID-SANITIZER-20L-e1584453955844-3.jpg",1500,1500,false],"thumbnail":["https:\/\/servicelabcanada.ca\/wp-content\/uploads\/2022\/10\/LOW-TEMPERAUTRE-LIQUID-SANITIZER-20L-e1584453955844-3-150x150.jpg",150,150,true],"medium":["https:\/\/servicelabcanada.ca\/wp-content\/uploads\/2022\/10\/LOW-TEMPERAUTRE-LIQUID-SANITIZER-20L-e1584453955844-3-300x300.jpg",300,300,true],"medium_large":["https:\/\/servicelabcanada.ca\/wp-content\/uploads\/2022\/10\/LOW-TEMPERAUTRE-LIQUID-SANITIZER-20L-e1584453955844-3-768x768.jpg",768,768,true],"large":["https:\/\/servicelabcanada.ca\/wp-content\/uploads\/2022\/10\/LOW-TEMPERAUTRE-LIQUID-SANITIZER-20L-e1584453955844-3-1024x1024.jpg",980,980,true],"1536x1536":["https:\/\/servicelabcanada.ca\/wp-content\/uploads\/2022\/10\/LOW-TEMPERAUTRE-LIQUID-SANITIZER-20L-e1584453955844-3.jpg",1500,1500,false],"2048x2048":["https:\/\/servicelabcanada.ca\/wp-content\/uploads\/2022\/10\/LOW-TEMPERAUTRE-LIQUID-SANITIZER-20L-e1584453955844-3.jpg",1500,1500,false],"gb-block-post-grid-landscape":["https:\/\/servicelabcanada.ca\/wp-content\/uploads\/2022\/10\/LOW-TEMPERAUTRE-LIQUID-SANITIZER-20L-e1584453955844-3-600x400.jpg",600,400,true],"gb-block-post-grid-square":["https:\/\/servicelabcanada.ca\/wp-content\/uploads\/2022\/10\/LOW-TEMPERAUTRE-LIQUID-SANITIZER-20L-e1584453955844-3-600x600.jpg",600,600,true],"gform-image-choice-sm":["https:\/\/servicelabcanada.ca\/wp-content\/uploads\/2022\/10\/LOW-TEMPERAUTRE-LIQUID-SANITIZER-20L-e1584453955844-3.jpg",300,300,false],"gform-image-choice-md":["https:\/\/servicelabcanada.ca\/wp-content\/uploads\/2022\/10\/LOW-TEMPERAUTRE-LIQUID-SANITIZER-20L-e1584453955844-3.jpg",400,400,false],"gform-image-choice-lg":["https:\/\/servicelabcanada.ca\/wp-content\/uploads\/2022\/10\/LOW-TEMPERAUTRE-LIQUID-SANITIZER-20L-e1584453955844-3.jpg",600,600,false],"woocommerce_thumbnail":["https:\/\/servicelabcanada.ca\/wp-content\/uploads\/2022\/10\/LOW-TEMPERAUTRE-LIQUID-SANITIZER-20L-e1584453955844-3-324x324.jpg",324,324,true],"woocommerce_single":["https:\/\/servicelabcanada.ca\/wp-content\/uploads\/2022\/10\/LOW-TEMPERAUTRE-LIQUID-SANITIZER-20L-e1584453955844-3-416x416.jpg",416,416,true],"woocommerce_gallery_thumbnail":["https:\/\/servicelabcanada.ca\/wp-content\/uploads\/2022\/10\/LOW-TEMPERAUTRE-LIQUID-SANITIZER-20L-e1584453955844-3-100x100.jpg",100,100,true]},"uagb_author_info":{"display_name":"siteadmin","author_link":"https:\/\/servicelabcanada.ca\/en\/author\/"},"uagb_comment_info":0,"uagb_excerpt":"LIQUID SANITIZER FOR LOW-TEMPERATURE DISHWASHER\u00a0 - 1x20L DOCUMENTATION: SDS Anglais SL ASSAINISSANT LIQUIDE POUR UTILISATION \u00c0 BASSE TEMP\u00c9RATURE_7403_7402_ENG Fiche technique Anglais SL ASSAINISSANT LIQUIDE POUR UTILISATION \u00c0 BASSE TEMP\u00c9RATURE_7403_7402_ENG SDS Fran\u00e7ais SL ASSAINISSANT LIQUIDE POUR UTILISATION \u00c0 BASSE TEMP\u00c9RATURE_7403_7402_FR Fiche technique Fran\u00e7ais SL ADDITIF DE RIN\u00c7AGE LIQUIDE POUR UTILISATION \u00c0 TOUTE TEMP\u00c9RATURE_7215_7214_FR","_links":{"self":[{"href":"https:\/\/servicelabcanada.ca\/en\/wp-json\/wp\/v2\/product\/3732","targetHints":{"allow":["GET"]}}],"collection":[{"href":"https:\/\/servicelabcanada.ca\/en\/wp-json\/wp\/v2\/product"}],"about":[{"href":"https:\/\/servicelabcanada.ca\/en\/wp-json\/wp\/v2\/types\/product"}],"wp:featuredmedia":[{"embeddable":true,"href":"https:\/\/servicelabcanada.ca\/en\/wp-json\/wp\/v2\/media\/3733"}],"wp:attachment":[{"href":"https:\/\/servicelabcanada.ca\/en\/wp-json\/wp\/v2\/media?parent=3732"}],"wp:term":[{"taxonomy":"product_brand","embeddable":true,"href":"https:\/\/servicelabcanada.ca\/en\/wp-json\/wp\/v2\/product_brand?post=3732"},{"taxonomy":"product_cat","embeddable":true,"href":"https:\/\/servicelabcanada.ca\/en\/wp-json\/wp\/v2\/product_cat?post=3732"},{"taxonomy":"product_tag","embeddable":true,"href":"https:\/\/servicelabcanada.ca\/en\/wp-json\/wp\/v2\/product_tag?post=3732"}],"curies":[{"name":"wp","href":"https:\/\/api.w.org\/{rel}","templated":true}]}}