{"id":3739,"date":"2018-12-26T15:39:30","date_gmt":"2018-12-26T20:39:30","guid":{"rendered":"https:\/\/servicelabcanada.ca\/product\/liquid-rinse-additive-for-high-temperature-dishwasher-4l\/"},"modified":"2026-01-06T16:06:52","modified_gmt":"2026-01-06T21:06:52","slug":"liquid-rinse-additive-for-high-temperature-dishwasher-4l","status":"publish","type":"product","link":"https:\/\/servicelabcanada.ca\/en\/product\/liquid-rinse-additive-for-high-temperature-dishwasher-4l\/","title":{"rendered":"SL LIQUID RINSE ADDITIVE FOR ALL TEMPERATURE (4X4L)"},"content":{"rendered":"<p>LIQUID RINSE ADDITIVE FOR ALL-TEMPERATURE DISHWASHERS :<\/p>\n<ul>\n<li>For commercial dishwashers operating above 180\u1d52F .<\/li>\n<li>Powers over 5000 washes.<\/li>\n<li>Sheeting properties speeds up the drying process &amp; reduces water spots on dishes.<\/li>\n<li>Used in conjunction with commercial-grade detergent.<\/li>\n<li>Integrated automatic doser<\/li>\n<li>Ideal for your dishwasher<\/li>\n<\/ul>\n<p>Certified Kosher<\/p>\n<p>&nbsp;<\/p>\n","protected":false},"excerpt":{"rendered":"<p>SL LIQUID RINSE ADDITIVE FOR USE AT ALL TEMPERATURE &#8211; 4 x 4L<\/p>\n<hr \/>\n<p><span style=\"color: #000080\"><strong>DOCUMENTATION:<\/strong><\/span><\/p>\n<p>SDS <span style=\"color: #ff0000\">Anglais\u00a0 <a href=\"https:\/\/servicelabcanada.ca\/wp-content\/uploads\/2018\/12\/SL-ADDITIF-DE-RINCAGE-LIQUIDE-POUR-UTILISATION-A-TOUTE-TEMPERATURE-_7215_7214_ENG-1.pdf\">SL ADDITIF DE RIN\u00c7AGE LIQUIDE POUR UTILISATION \u00c0 TOUTE TEMP\u00c9RATURE _7215_7214_ENG<\/a><\/span><\/p>\n<p>Tech Data Sheet English <a href=\"https:\/\/servicelabcanada.ca\/wp-content\/uploads\/2018\/12\/SL-ADDITIF-DE-RINCAGE-LIQUIDE-POUR-UTILISATION-A-TOUTE-TEMPERATURE-_7215_7214_ENG-2.pdf\">SL ADDITIF DE RIN\u00c7AGE LIQUIDE POUR UTILISATION \u00c0 TOUTE TEMP\u00c9RATURE _7215_7214_ENG<\/a><\/p>\n<p>SDS <span style=\"color: #3366ff\">Fran\u00e7ais <a href=\"https:\/\/servicelabcanada.ca\/wp-content\/uploads\/2018\/12\/SL-ADDITIF-DE-RINCAGE-LIQUIDE-POUR-UTILISATION-A-TOUTE-TEMPERATURE-_7215_7214_FR-1.pdf\">SL ADDITIF DE RIN\u00c7AGE LIQUIDE POUR UTILISATION \u00c0 TOUTE TEMP\u00c9RATURE _7215_7214_FR<\/a><\/span><\/p>\n<p>Fiche technique Fran\u00e7ais <span style=\"color: #3366ff\">Fran\u00e7ais <a href=\"https:\/\/servicelabcanada.ca\/wp-content\/uploads\/2018\/12\/SL-ADDITIF-DE-RINCAGE-LIQUIDE-POUR-UTILISATION-A-TOUTE-TEMPERATURE-_7215_7214_FR-2.pdf\">SL ADDITIF DE RIN\u00c7AGE LIQUIDE POUR UTILISATION \u00c0 TOUTE TEMP\u00c9RATURE _7215_7214_FR<\/a><\/span><\/p>\n","protected":false},"featured_media":3740,"template":"","meta":{"_acf_changed":false,"_seopress_robots_primary_cat":"none","_seopress_titles_title":"","_seopress_titles_desc":"","_seopress_robots_index":"","_uag_custom_page_level_css":""},"product_brand":[],"product_cat":[541,547],"product_tag":[],"class_list":{"0":"post-3739","1":"product","2":"type-product","3":"status-publish","4":"has-post-thumbnail","6":"product_cat-dishwashing","7":"product_cat-rinse","8":"pa_dilusion-213","9":"pa_size-4x4l","11":"first","12":"instock","13":"taxable","14":"shipping-taxable","15":"purchasable","16":"product-type-simple"},"acf":[],"uagb_featured_image_src":{"full":["https:\/\/servicelabcanada.ca\/wp-content\/uploads\/2022\/10\/7342-4.jpg",335,335,false],"thumbnail":["https:\/\/servicelabcanada.ca\/wp-content\/uploads\/2022\/10\/7342-4-150x150.jpg",150,150,true],"medium":["https:\/\/servicelabcanada.ca\/wp-content\/uploads\/2022\/10\/7342-4-300x300.jpg",300,300,true],"medium_large":["https:\/\/servicelabcanada.ca\/wp-content\/uploads\/2022\/10\/7342-4.jpg",335,335,false],"large":["https:\/\/servicelabcanada.ca\/wp-content\/uploads\/2022\/10\/7342-4.jpg",335,335,false],"1536x1536":["https:\/\/servicelabcanada.ca\/wp-content\/uploads\/2022\/10\/7342-4.jpg",335,335,false],"2048x2048":["https:\/\/servicelabcanada.ca\/wp-content\/uploads\/2022\/10\/7342-4.jpg",335,335,false],"gb-block-post-grid-landscape":["https:\/\/servicelabcanada.ca\/wp-content\/uploads\/2022\/10\/7342-4.jpg",335,335,false],"gb-block-post-grid-square":["https:\/\/servicelabcanada.ca\/wp-content\/uploads\/2022\/10\/7342-4.jpg",335,335,false],"gform-image-choice-sm":["https:\/\/servicelabcanada.ca\/wp-content\/uploads\/2022\/10\/7342-4.jpg",300,300,false],"gform-image-choice-md":["https:\/\/servicelabcanada.ca\/wp-content\/uploads\/2022\/10\/7342-4.jpg",335,335,false],"gform-image-choice-lg":["https:\/\/servicelabcanada.ca\/wp-content\/uploads\/2022\/10\/7342-4.jpg",335,335,false],"woocommerce_thumbnail":["https:\/\/servicelabcanada.ca\/wp-content\/uploads\/2022\/10\/7342-4-324x324.jpg",324,324,true],"woocommerce_single":["https:\/\/servicelabcanada.ca\/wp-content\/uploads\/2022\/10\/7342-4.jpg",335,335,false],"woocommerce_gallery_thumbnail":["https:\/\/servicelabcanada.ca\/wp-content\/uploads\/2022\/10\/7342-4-100x100.jpg",100,100,true]},"uagb_author_info":{"display_name":"siteadmin","author_link":"https:\/\/servicelabcanada.ca\/en\/author\/"},"uagb_comment_info":0,"uagb_excerpt":"SL LIQUID RINSE ADDITIVE FOR USE AT ALL TEMPERATURE - 4 x 4L DOCUMENTATION: SDS Anglais\u00a0 SL ADDITIF DE RIN\u00c7AGE LIQUIDE POUR UTILISATION \u00c0 TOUTE TEMP\u00c9RATURE _7215_7214_ENG Tech Data Sheet English SL ADDITIF DE RIN\u00c7AGE LIQUIDE POUR UTILISATION \u00c0 TOUTE TEMP\u00c9RATURE _7215_7214_ENG SDS Fran\u00e7ais SL ADDITIF DE RIN\u00c7AGE LIQUIDE POUR UTILISATION \u00c0 TOUTE TEMP\u00c9RATURE _7215_7214_FR&hellip;","_links":{"self":[{"href":"https:\/\/servicelabcanada.ca\/en\/wp-json\/wp\/v2\/product\/3739","targetHints":{"allow":["GET"]}}],"collection":[{"href":"https:\/\/servicelabcanada.ca\/en\/wp-json\/wp\/v2\/product"}],"about":[{"href":"https:\/\/servicelabcanada.ca\/en\/wp-json\/wp\/v2\/types\/product"}],"wp:featuredmedia":[{"embeddable":true,"href":"https:\/\/servicelabcanada.ca\/en\/wp-json\/wp\/v2\/media\/3740"}],"wp:attachment":[{"href":"https:\/\/servicelabcanada.ca\/en\/wp-json\/wp\/v2\/media?parent=3739"}],"wp:term":[{"taxonomy":"product_brand","embeddable":true,"href":"https:\/\/servicelabcanada.ca\/en\/wp-json\/wp\/v2\/product_brand?post=3739"},{"taxonomy":"product_cat","embeddable":true,"href":"https:\/\/servicelabcanada.ca\/en\/wp-json\/wp\/v2\/product_cat?post=3739"},{"taxonomy":"product_tag","embeddable":true,"href":"https:\/\/servicelabcanada.ca\/en\/wp-json\/wp\/v2\/product_tag?post=3739"}],"curies":[{"name":"wp","href":"https:\/\/api.w.org\/{rel}","templated":true}]}}