{"id":3755,"date":"2018-12-26T15:39:30","date_gmt":"2018-12-26T20:39:30","guid":{"rendered":"https:\/\/servicelabcanada.ca\/product\/powder-presoak-for-plastics-utensils-18kg\/"},"modified":"2026-04-13T17:24:26","modified_gmt":"2026-04-13T21:24:26","slug":"powder-presoak-for-plastics-utensils-18kg","status":"publish","type":"product","link":"https:\/\/servicelabcanada.ca\/en\/product\/powder-presoak-for-plastics-utensils-18kg\/","title":{"rendered":"SL SUPER POWERFUL LIQUID PRESOAK AND DEGREASER (20L)"},"content":{"rendered":"<p>SERVICELAB LIQUID PRESOAK AND HEAVY DUTY DEGREASER is a cleaner that effectively removes grease &amp; stains from plastics &amp; utensils prior to passing through the dishwasher cycle. Ideal for removing coffee &amp; lipstick stains from mugs. Dilution may be adjusted based on nature of soils.<\/p>\n","protected":false},"excerpt":{"rendered":"<p>LIQUID PRESOAK FOR PLASTICS &amp; UTENSILS -1x20L<\/p>\n<hr \/>\n<p><span style=\"color: #000080\"><strong>DOCUMENTATION: <\/strong><\/span><\/p>\n<p>SDS <span style=\"color: #ff0000\">Anglais <a href=\"https:\/\/servicelabcanada.ca\/wp-content\/uploads\/2018\/12\/SL-PRETREMPAGE-LIQUIDE-ET-DEGRAISSANT-SURPUISSANT_5565_20L_ENG.pdf\">SL PR\u00c9TREMPAGE LIQUIDE ET D\u00c9GRAISSANT SURPUISSANT_5565_20L_ENG<\/a><\/span><\/p>\n<p>Fiche technique <span style=\"color: #ff0000\">Anglais <a href=\"https:\/\/servicelabcanada.ca\/wp-content\/uploads\/2018\/12\/SL-PRETREMPAGE-LIQUIDE-ET-DEGRAISSANT-SURPUISSANT_5565_20L_ENG-1.pdf\">SL PR\u00c9TREMPAGE LIQUIDE ET D\u00c9GRAISSANT SURPUISSANT_5565_20L_ENG<\/a><\/span><\/p>\n<p>SDS <span style=\"color: #3366ff\">Fran\u00e7ais <a href=\"https:\/\/servicelabcanada.ca\/wp-content\/uploads\/2018\/12\/SL-PRETREMPAGE-LIQUIDE-ET-DEGRAISSANT-SURPUISSANT_5565_20L_FR.pdf\">SL PR\u00c9TREMPAGE LIQUIDE ET D\u00c9GRAISSANT SURPUISSANT_5565_20L_FR<\/a><\/span><\/p>\n<p>Tech Data Sheet FR <a href=\"https:\/\/servicelabcanada.ca\/wp-content\/uploads\/2018\/12\/SL-PRETREMPAGE-LIQUIDE-ET-DEGRAISSANT-SURPUISSANT_5565_20L_FR-1.pdf\">SL PR\u00c9TREMPAGE LIQUIDE ET D\u00c9GRAISSANT SURPUISSANT_5565_20L_FR<\/a><\/p>\n","protected":false},"featured_media":3756,"template":"","meta":{"_acf_changed":false,"_seopress_robots_primary_cat":"none","_seopress_titles_title":"","_seopress_titles_desc":"","_seopress_robots_index":"","_uag_custom_page_level_css":""},"product_brand":[],"product_cat":[541,543],"product_tag":[],"class_list":{"0":"post-3755","1":"product","2":"type-product","3":"status-publish","4":"has-post-thumbnail","6":"product_cat-dishwashing","7":"product_cat-pre-soak-2","8":"pa_dilusion-n-a","9":"pa_size-1x20l","10":"pif-has-gallery","12":"first","13":"instock","14":"taxable","15":"shipping-taxable","16":"purchasable","17":"product-type-simple"},"acf":[],"uagb_featured_image_src":{"full":["https:\/\/servicelabcanada.ca\/wp-content\/uploads\/2022\/10\/PLASTIC-AND-UTENSIAL-LIQUID-PRESOAP-20L-4.jpg",2000,2000,false],"thumbnail":["https:\/\/servicelabcanada.ca\/wp-content\/uploads\/2022\/10\/PLASTIC-AND-UTENSIAL-LIQUID-PRESOAP-20L-4-150x150.jpg",150,150,true],"medium":["https:\/\/servicelabcanada.ca\/wp-content\/uploads\/2022\/10\/PLASTIC-AND-UTENSIAL-LIQUID-PRESOAP-20L-4-300x300.jpg",300,300,true],"medium_large":["https:\/\/servicelabcanada.ca\/wp-content\/uploads\/2022\/10\/PLASTIC-AND-UTENSIAL-LIQUID-PRESOAP-20L-4-768x768.jpg",768,768,true],"large":["https:\/\/servicelabcanada.ca\/wp-content\/uploads\/2022\/10\/PLASTIC-AND-UTENSIAL-LIQUID-PRESOAP-20L-4-1024x1024.jpg",980,980,true],"1536x1536":["https:\/\/servicelabcanada.ca\/wp-content\/uploads\/2022\/10\/PLASTIC-AND-UTENSIAL-LIQUID-PRESOAP-20L-4-1536x1536.jpg",1536,1536,true],"2048x2048":["https:\/\/servicelabcanada.ca\/wp-content\/uploads\/2022\/10\/PLASTIC-AND-UTENSIAL-LIQUID-PRESOAP-20L-4.jpg",2000,2000,false],"gb-block-post-grid-landscape":["https:\/\/servicelabcanada.ca\/wp-content\/uploads\/2022\/10\/PLASTIC-AND-UTENSIAL-LIQUID-PRESOAP-20L-4-600x400.jpg",600,400,true],"gb-block-post-grid-square":["https:\/\/servicelabcanada.ca\/wp-content\/uploads\/2022\/10\/PLASTIC-AND-UTENSIAL-LIQUID-PRESOAP-20L-4-600x600.jpg",600,600,true],"gform-image-choice-sm":["https:\/\/servicelabcanada.ca\/wp-content\/uploads\/2022\/10\/PLASTIC-AND-UTENSIAL-LIQUID-PRESOAP-20L-4.jpg",300,300,false],"gform-image-choice-md":["https:\/\/servicelabcanada.ca\/wp-content\/uploads\/2022\/10\/PLASTIC-AND-UTENSIAL-LIQUID-PRESOAP-20L-4.jpg",400,400,false],"gform-image-choice-lg":["https:\/\/servicelabcanada.ca\/wp-content\/uploads\/2022\/10\/PLASTIC-AND-UTENSIAL-LIQUID-PRESOAP-20L-4.jpg",600,600,false],"woocommerce_thumbnail":["https:\/\/servicelabcanada.ca\/wp-content\/uploads\/2022\/10\/PLASTIC-AND-UTENSIAL-LIQUID-PRESOAP-20L-4-324x324.jpg",324,324,true],"woocommerce_single":["https:\/\/servicelabcanada.ca\/wp-content\/uploads\/2022\/10\/PLASTIC-AND-UTENSIAL-LIQUID-PRESOAP-20L-4-416x416.jpg",416,416,true],"woocommerce_gallery_thumbnail":["https:\/\/servicelabcanada.ca\/wp-content\/uploads\/2022\/10\/PLASTIC-AND-UTENSIAL-LIQUID-PRESOAP-20L-4-100x100.jpg",100,100,true]},"uagb_author_info":{"display_name":"siteadmin","author_link":"https:\/\/servicelabcanada.ca\/en\/author\/"},"uagb_comment_info":0,"uagb_excerpt":"LIQUID PRESOAK FOR PLASTICS &amp; UTENSILS -1x20L DOCUMENTATION: SDS Anglais SL PR\u00c9TREMPAGE LIQUIDE ET D\u00c9GRAISSANT SURPUISSANT_5565_20L_ENG Fiche technique Anglais SL PR\u00c9TREMPAGE LIQUIDE ET D\u00c9GRAISSANT SURPUISSANT_5565_20L_ENG SDS Fran\u00e7ais SL PR\u00c9TREMPAGE LIQUIDE ET D\u00c9GRAISSANT SURPUISSANT_5565_20L_FR Tech Data Sheet FR SL PR\u00c9TREMPAGE LIQUIDE ET D\u00c9GRAISSANT SURPUISSANT_5565_20L_FR","_links":{"self":[{"href":"https:\/\/servicelabcanada.ca\/en\/wp-json\/wp\/v2\/product\/3755","targetHints":{"allow":["GET"]}}],"collection":[{"href":"https:\/\/servicelabcanada.ca\/en\/wp-json\/wp\/v2\/product"}],"about":[{"href":"https:\/\/servicelabcanada.ca\/en\/wp-json\/wp\/v2\/types\/product"}],"wp:featuredmedia":[{"embeddable":true,"href":"https:\/\/servicelabcanada.ca\/en\/wp-json\/wp\/v2\/media\/3756"}],"wp:attachment":[{"href":"https:\/\/servicelabcanada.ca\/en\/wp-json\/wp\/v2\/media?parent=3755"}],"wp:term":[{"taxonomy":"product_brand","embeddable":true,"href":"https:\/\/servicelabcanada.ca\/en\/wp-json\/wp\/v2\/product_brand?post=3755"},{"taxonomy":"product_cat","embeddable":true,"href":"https:\/\/servicelabcanada.ca\/en\/wp-json\/wp\/v2\/product_cat?post=3755"},{"taxonomy":"product_tag","embeddable":true,"href":"https:\/\/servicelabcanada.ca\/en\/wp-json\/wp\/v2\/product_tag?post=3755"}],"curies":[{"name":"wp","href":"https:\/\/api.w.org\/{rel}","templated":true}]}}