{"id":3799,"date":"2018-12-26T15:39:30","date_gmt":"2018-12-26T20:39:30","guid":{"rendered":"https:\/\/servicelabcanada.ca\/product\/concentrated-manual-detergent-for-pot-pan-20l\/"},"modified":"2026-04-10T16:05:00","modified_gmt":"2026-04-10T20:05:00","slug":"concentrated-manual-detergent-for-pot-pan-20l","status":"publish","type":"product","link":"https:\/\/servicelabcanada.ca\/en\/product\/concentrated-manual-detergent-for-pot-pan-20l\/","title":{"rendered":"SL CONCENTRATED LIQUID DETERGENT FOR PANS AND PANS (20L)"},"content":{"rendered":"<p>SERVICELAB\u00ae CONCENTRATED POT AND PAN DETERGENT dishwashing liquid is ideal for restaurant and<br \/>\ninstitutional use. This product is used to clean plates, pots, cutlery, glassware, counters, walls, floors, doors,<br \/>\nwindows, mirrors, woodwork, venetian blinds, painted surfaces, treated leather and vinyl. SERVICELAB\u00ae<br \/>\nCONCENTRATED POT AND PAN DETERGENT contains powerful grease cutters, yet is gentle on the hands.<br \/>\n\u2022 No Phosphates<br \/>\n\u2022 No Added Fragrance<br \/>\n\u2022 Organic ingredients in this product are readily biodegradable in accordance with OECD 301 standard.<br \/>\n\u2022 No EDT A\/NT A<br \/>\n\u2022 No VOC&#8217;s<\/p>\n<p>Each bottle powers over 300 washes. Certified EcoLogo.<\/p>\n","protected":false},"excerpt":{"rendered":"<p>SL CONCENTRATED LIQUID DETERGENT FOR PANS AND PANS &#8211; 1x20L<\/p>\n<hr \/>\n<p><span style=\"color: #000080\"><strong>DOCUMENTATION:<\/strong><\/span><\/p>\n<p>SDS <span style=\"color: #ff0000\">Anglais\u00a0 <a href=\"https:\/\/servicelabcanada.ca\/wp-content\/uploads\/2018\/12\/SL_CONCENTRATED-LIQUID-DETERGENT-FOR-PANS-AND-PANS_1691016911-2_ENG-1.pdf\">SL_CONCENTRATED LIQUID DETERGENT FOR PANS AND PANS_16910,16911-2_ENG<\/a><\/span><\/p>\n<p>Fiche technique <span style=\"color: #ff0000\">Anglais<\/span> <a href=\"https:\/\/servicelabcanada.ca\/wp-content\/uploads\/2018\/12\/16910_16911-2_SL-DETERGENT-LIQUIDE-CONCENTRE-POUR-CASSEROLE-ET-POELONS_ENG.pdf\">16910_16911-2_SL D\u00c9TERGENT LIQUIDE CONCENTR\u00c9 POUR CASSEROLE ET PO\u00caLONS_ENG<\/a><\/p>\n<p>SDS <span style=\"color: #3366ff\">Fran\u00e7ais <a href=\"https:\/\/servicelabcanada.ca\/wp-content\/uploads\/2018\/12\/SL_CONCENTRATED-LIQUID-DETERGENT-FOR-PANS-AND-PANS_1691016911-2_FR-1.pdf\">SL_CONCENTRATED LIQUID DETERGENT FOR PANS AND PANS_16910,16911-2_FR<\/a><\/span><\/p>\n<p>Fiche technique <span style=\"color: #3366ff\">Fran\u00e7ais <a href=\"https:\/\/servicelabcanada.ca\/wp-content\/uploads\/2018\/12\/16910_16911-2_SL-DETERGENT-LIQUIDE-CONCENTRE-POUR-CASSEROLE-ET-POELONS_FR.pdf\">16910_16911-2_SL D\u00c9TERGENT LIQUIDE CONCENTR\u00c9 POUR CASSEROLE ET PO\u00caLONS_FR<\/a><\/span><\/p>\n","protected":false},"featured_media":3800,"template":"","meta":{"_acf_changed":false,"_seopress_robots_primary_cat":"none","_seopress_titles_title":"","_seopress_titles_desc":"","_seopress_robots_index":"","_uag_custom_page_level_css":""},"product_brand":[],"product_cat":[541,228,558,512],"product_tag":[],"class_list":{"0":"post-3799","1":"product","2":"type-product","3":"status-publish","4":"has-post-thumbnail","6":"product_cat-dishwashing","7":"product_cat-kitchen-cleaning-sanitation","8":"product_cat-pot-pan-en","9":"product_cat-pot-pan","11":"first","12":"instock","13":"taxable","14":"shipping-taxable","15":"purchasable","16":"product-type-simple"},"acf":[],"uagb_featured_image_src":{"full":["https:\/\/servicelabcanada.ca\/wp-content\/uploads\/2022\/10\/16910-4.jpg",335,335,false],"thumbnail":["https:\/\/servicelabcanada.ca\/wp-content\/uploads\/2022\/10\/16910-4-150x150.jpg",150,150,true],"medium":["https:\/\/servicelabcanada.ca\/wp-content\/uploads\/2022\/10\/16910-4-300x300.jpg",300,300,true],"medium_large":["https:\/\/servicelabcanada.ca\/wp-content\/uploads\/2022\/10\/16910-4.jpg",335,335,false],"large":["https:\/\/servicelabcanada.ca\/wp-content\/uploads\/2022\/10\/16910-4.jpg",335,335,false],"1536x1536":["https:\/\/servicelabcanada.ca\/wp-content\/uploads\/2022\/10\/16910-4.jpg",335,335,false],"2048x2048":["https:\/\/servicelabcanada.ca\/wp-content\/uploads\/2022\/10\/16910-4.jpg",335,335,false],"gb-block-post-grid-landscape":["https:\/\/servicelabcanada.ca\/wp-content\/uploads\/2022\/10\/16910-4.jpg",335,335,false],"gb-block-post-grid-square":["https:\/\/servicelabcanada.ca\/wp-content\/uploads\/2022\/10\/16910-4.jpg",335,335,false],"gform-image-choice-sm":["https:\/\/servicelabcanada.ca\/wp-content\/uploads\/2022\/10\/16910-4.jpg",300,300,false],"gform-image-choice-md":["https:\/\/servicelabcanada.ca\/wp-content\/uploads\/2022\/10\/16910-4.jpg",335,335,false],"gform-image-choice-lg":["https:\/\/servicelabcanada.ca\/wp-content\/uploads\/2022\/10\/16910-4.jpg",335,335,false],"woocommerce_thumbnail":["https:\/\/servicelabcanada.ca\/wp-content\/uploads\/2022\/10\/16910-4-324x324.jpg",324,324,true],"woocommerce_single":["https:\/\/servicelabcanada.ca\/wp-content\/uploads\/2022\/10\/16910-4.jpg",335,335,false],"woocommerce_gallery_thumbnail":["https:\/\/servicelabcanada.ca\/wp-content\/uploads\/2022\/10\/16910-4-100x100.jpg",100,100,true]},"uagb_author_info":{"display_name":"siteadmin","author_link":"https:\/\/servicelabcanada.ca\/en\/author\/"},"uagb_comment_info":0,"uagb_excerpt":"SL CONCENTRATED LIQUID DETERGENT FOR PANS AND PANS - 1x20L DOCUMENTATION: SDS Anglais\u00a0 SL_CONCENTRATED LIQUID DETERGENT FOR PANS AND PANS_16910,16911-2_ENG Fiche technique Anglais 16910_16911-2_SL D\u00c9TERGENT LIQUIDE CONCENTR\u00c9 POUR CASSEROLE ET PO\u00caLONS_ENG SDS Fran\u00e7ais SL_CONCENTRATED LIQUID DETERGENT FOR PANS AND PANS_16910,16911-2_FR Fiche technique Fran\u00e7ais 16910_16911-2_SL D\u00c9TERGENT LIQUIDE CONCENTR\u00c9 POUR CASSEROLE ET PO\u00caLONS_FR","_links":{"self":[{"href":"https:\/\/servicelabcanada.ca\/en\/wp-json\/wp\/v2\/product\/3799","targetHints":{"allow":["GET"]}}],"collection":[{"href":"https:\/\/servicelabcanada.ca\/en\/wp-json\/wp\/v2\/product"}],"about":[{"href":"https:\/\/servicelabcanada.ca\/en\/wp-json\/wp\/v2\/types\/product"}],"wp:featuredmedia":[{"embeddable":true,"href":"https:\/\/servicelabcanada.ca\/en\/wp-json\/wp\/v2\/media\/3800"}],"wp:attachment":[{"href":"https:\/\/servicelabcanada.ca\/en\/wp-json\/wp\/v2\/media?parent=3799"}],"wp:term":[{"taxonomy":"product_brand","embeddable":true,"href":"https:\/\/servicelabcanada.ca\/en\/wp-json\/wp\/v2\/product_brand?post=3799"},{"taxonomy":"product_cat","embeddable":true,"href":"https:\/\/servicelabcanada.ca\/en\/wp-json\/wp\/v2\/product_cat?post=3799"},{"taxonomy":"product_tag","embeddable":true,"href":"https:\/\/servicelabcanada.ca\/en\/wp-json\/wp\/v2\/product_tag?post=3799"}],"curies":[{"name":"wp","href":"https:\/\/api.w.org\/{rel}","templated":true}]}}