{"id":3803,"date":"2018-12-26T15:39:30","date_gmt":"2018-12-26T20:39:30","guid":{"rendered":"https:\/\/servicelabcanada.ca\/product\/pink-liquid-dish-detergent-hand-soap-10l\/"},"modified":"2026-02-20T12:44:37","modified_gmt":"2026-02-20T17:44:37","slug":"pink-liquid-dish-detergent-hand-soap-10l","status":"publish","type":"product","link":"https:\/\/servicelabcanada.ca\/en\/product\/pink-liquid-dish-detergent-hand-soap-10l\/","title":{"rendered":"SL LIQUID DISH SOAP PINK (4X4L)"},"content":{"rendered":"<p>A mild soap that can be used for manual dishwashing as well as hand soap. Lightly scented &amp; contains a gentle lotion that protects hands from chafing. It provides a thick foaming action.<\/p>\n","protected":false},"excerpt":{"rendered":"<p>SL LIQUID DISH SOAP PINK &#8211; 4x4L<\/p>\n<hr \/>\n<p><strong><span style=\"color: #000080\">DOCUMENTATION:<\/span><\/strong><\/p>\n<p>SDS <span style=\"color: #ff0000\">Anglais <a href=\"https:\/\/servicelabcanada.ca\/wp-content\/uploads\/2018\/12\/1694-2_SL-SAVON-A-VAISSELLE-LIQUIDE-ROSE_4L_ENG_V3.pdf\">1694-2_SL SAVON \u00c0 VAISSELLE LIQUIDE ROSE_4L_ENG_V3<\/a><\/span><\/p>\n<p>Fiche technique <span style=\"color: #ff0000\">English <a href=\"https:\/\/servicelabcanada.ca\/wp-content\/uploads\/2018\/12\/1694-2_SL-SAVON-A-VAISSELLE-LIQUIDE-ROSE_4L_ENG.pdf\">1694-2_SL SAVON \u00c0 VAISSELLE LIQUIDE ROSE_4L_ENG<\/a><\/span><\/p>\n<p>SDS <span style=\"color: #3366ff\">Fran\u00e7ais\u00a0 <a href=\"https:\/\/servicelabcanada.ca\/wp-content\/uploads\/2018\/12\/1694-2_SL-SAVON-A-VAISSELLE-LIQUIDE-ROSE_4L_FR_V3.pdf\">1694-2_SL SAVON \u00c0 VAISSELLE LIQUIDE ROSE_4L_FR_V3<\/a><\/span><\/p>\n<p>Fiche technique <span style=\"color: #3366ff\">Fran\u00e7ais\u00a0 <a href=\"https:\/\/servicelabcanada.ca\/wp-content\/uploads\/2018\/12\/1694-2_SL-SAVON-A-VAISSELLE-LIQUIDE-ROSE_4L_FR.pdf\">1694-2_SL SAVON \u00c0 VAISSELLE LIQUIDE ROSE_4L_FR<\/a><\/span><\/p>\n","protected":false},"featured_media":3804,"template":"","meta":{"_acf_changed":false,"_seopress_robots_primary_cat":"none","_seopress_titles_title":"","_seopress_titles_desc":"","_seopress_robots_index":"","_uag_custom_page_level_css":""},"product_brand":[],"product_cat":[541,558],"product_tag":[],"class_list":{"0":"post-3803","1":"product","2":"type-product","3":"status-publish","4":"has-post-thumbnail","6":"product_cat-dishwashing","7":"product_cat-pot-pan-en","9":"first","10":"instock","11":"taxable","12":"shipping-taxable","13":"purchasable","14":"product-type-simple"},"acf":[],"uagb_featured_image_src":{"full":["https:\/\/servicelabcanada.ca\/wp-content\/uploads\/2022\/10\/1694-4.jpg",900,900,false],"thumbnail":["https:\/\/servicelabcanada.ca\/wp-content\/uploads\/2022\/10\/1694-4-150x150.jpg",150,150,true],"medium":["https:\/\/servicelabcanada.ca\/wp-content\/uploads\/2022\/10\/1694-4-300x300.jpg",300,300,true],"medium_large":["https:\/\/servicelabcanada.ca\/wp-content\/uploads\/2022\/10\/1694-4-768x768.jpg",768,768,true],"large":["https:\/\/servicelabcanada.ca\/wp-content\/uploads\/2022\/10\/1694-4.jpg",900,900,false],"1536x1536":["https:\/\/servicelabcanada.ca\/wp-content\/uploads\/2022\/10\/1694-4.jpg",900,900,false],"2048x2048":["https:\/\/servicelabcanada.ca\/wp-content\/uploads\/2022\/10\/1694-4.jpg",900,900,false],"gb-block-post-grid-landscape":["https:\/\/servicelabcanada.ca\/wp-content\/uploads\/2022\/10\/1694-4-600x400.jpg",600,400,true],"gb-block-post-grid-square":["https:\/\/servicelabcanada.ca\/wp-content\/uploads\/2022\/10\/1694-4-600x600.jpg",600,600,true],"gform-image-choice-sm":["https:\/\/servicelabcanada.ca\/wp-content\/uploads\/2022\/10\/1694-4.jpg",300,300,false],"gform-image-choice-md":["https:\/\/servicelabcanada.ca\/wp-content\/uploads\/2022\/10\/1694-4.jpg",400,400,false],"gform-image-choice-lg":["https:\/\/servicelabcanada.ca\/wp-content\/uploads\/2022\/10\/1694-4.jpg",600,600,false],"woocommerce_thumbnail":["https:\/\/servicelabcanada.ca\/wp-content\/uploads\/2022\/10\/1694-4-324x324.jpg",324,324,true],"woocommerce_single":["https:\/\/servicelabcanada.ca\/wp-content\/uploads\/2022\/10\/1694-4-416x416.jpg",416,416,true],"woocommerce_gallery_thumbnail":["https:\/\/servicelabcanada.ca\/wp-content\/uploads\/2022\/10\/1694-4-100x100.jpg",100,100,true]},"uagb_author_info":{"display_name":"siteadmin","author_link":"https:\/\/servicelabcanada.ca\/en\/author\/"},"uagb_comment_info":0,"uagb_excerpt":"SL LIQUID DISH SOAP PINK - 4x4L DOCUMENTATION: SDS Anglais 1694-2_SL SAVON \u00c0 VAISSELLE LIQUIDE ROSE_4L_ENG_V3 Fiche technique English 1694-2_SL SAVON \u00c0 VAISSELLE LIQUIDE ROSE_4L_ENG SDS Fran\u00e7ais\u00a0 1694-2_SL SAVON \u00c0 VAISSELLE LIQUIDE ROSE_4L_FR_V3 Fiche technique Fran\u00e7ais\u00a0 1694-2_SL SAVON \u00c0 VAISSELLE LIQUIDE ROSE_4L_FR","_links":{"self":[{"href":"https:\/\/servicelabcanada.ca\/en\/wp-json\/wp\/v2\/product\/3803","targetHints":{"allow":["GET"]}}],"collection":[{"href":"https:\/\/servicelabcanada.ca\/en\/wp-json\/wp\/v2\/product"}],"about":[{"href":"https:\/\/servicelabcanada.ca\/en\/wp-json\/wp\/v2\/types\/product"}],"wp:featuredmedia":[{"embeddable":true,"href":"https:\/\/servicelabcanada.ca\/en\/wp-json\/wp\/v2\/media\/3804"}],"wp:attachment":[{"href":"https:\/\/servicelabcanada.ca\/en\/wp-json\/wp\/v2\/media?parent=3803"}],"wp:term":[{"taxonomy":"product_brand","embeddable":true,"href":"https:\/\/servicelabcanada.ca\/en\/wp-json\/wp\/v2\/product_brand?post=3803"},{"taxonomy":"product_cat","embeddable":true,"href":"https:\/\/servicelabcanada.ca\/en\/wp-json\/wp\/v2\/product_cat?post=3803"},{"taxonomy":"product_tag","embeddable":true,"href":"https:\/\/servicelabcanada.ca\/en\/wp-json\/wp\/v2\/product_tag?post=3803"}],"curies":[{"name":"wp","href":"https:\/\/api.w.org\/{rel}","templated":true}]}}