{"id":3969,"date":"2020-03-16T19:24:06","date_gmt":"2020-03-16T23:24:06","guid":{"rendered":"https:\/\/servicelabcanada.ca\/product\/sokal-20l\/"},"modified":"2026-01-08T11:27:09","modified_gmt":"2026-01-08T16:27:09","slug":"sokal-20l","status":"publish","type":"product","link":"https:\/\/servicelabcanada.ca\/en\/product\/sokal-20l\/","title":{"rendered":"SL POWERFUL POWDERED DEGREASER (20KG)"},"content":{"rendered":"<p>This product is a powerful chlorinated degreaser made for the food and agriculture industries, and general industries. It is used to clean pasteurizers, deep fryers, ovens, and cooking moulds. Also used to soak cutlery before cleaning and to remove charred food deposits. The product can also be used to clean oily and greasy floors like those of garages, machine shops and farms. Perfect for egg cleaning.<\/p>\n","protected":false},"excerpt":{"rendered":"<p><span style=\"color: #000080\"><strong>DOCUMENTATION:<\/strong><\/span><\/p>\n<p>SDS <span style=\"color: #ff0000\">Anglais <a href=\"https:\/\/servicelabcanada.ca\/wp-content\/uploads\/2020\/03\/SL-PUISSANT-DEGRAISSEUR-EN-POUDRE_F90332AFB_F90332AFZ_20kg_9.5kg_ENG.pdf\">SL PUISSANT D\u00c9GRAISSEUR EN POUDRE_F90332AFB_F90332AFZ_20kg_9.5kg_ENG<\/a><\/span><\/p>\n<p>Fiche technique <span style=\"color: #ff0000\">Anglais\u00a0 <a href=\"https:\/\/servicelabcanada.ca\/wp-content\/uploads\/2020\/03\/SL-PUISSANT-DEGRAISSEUR-EN-POUDRE_F90332AFB_F90332AFZ_20kg_9.5kg_ENG-2.pdf\">SL PUISSANT D\u00c9GRAISSEUR EN POUDRE_F90332AFB_F90332AFZ_20kg_9.5kg_ENG<\/a><\/span><\/p>\n<p>SDS <span style=\"color: #3366ff\">Fran\u00e7ais <a href=\"https:\/\/servicelabcanada.ca\/wp-content\/uploads\/2020\/03\/SL-PUISSANT-DEGRAISSEUR-EN-POUDRE_F90332AFB_F90332AFZ_20kg_9.5kg_FR.pdf\">SL PUISSANT D\u00c9GRAISSEUR EN POUDRE_F90332AFB_F90332AFZ_20kg_9.5kg_FR<\/a><\/span><\/p>\n<p>Fiche technique <span style=\"color: #3366ff\">Fran\u00e7ais <a href=\"https:\/\/servicelabcanada.ca\/wp-content\/uploads\/2020\/03\/SL-PUISSANT-DEGRAISSEUR-EN-POUDRE_F90332AFB_F90332AFZ_20kg_9.5kg_FR-2.pdf\">SL PUISSANT D\u00c9GRAISSEUR EN POUDRE_F90332AFB_F90332AFZ_20kg_9.5kg_FR<\/a><\/span><\/p>\n","protected":false},"featured_media":3970,"template":"","meta":{"_acf_changed":false,"_seopress_robots_primary_cat":"none","_seopress_titles_title":"","_seopress_titles_desc":"","_seopress_robots_index":"","_uag_custom_page_level_css":""},"product_brand":[],"product_cat":[541,543],"product_tag":[],"class_list":{"0":"post-3969","1":"product","2":"type-product","3":"status-publish","4":"has-post-thumbnail","6":"product_cat-dishwashing","7":"product_cat-pre-soak-2","8":"product_shipping_class-cleaning-sanitation","10":"first","11":"instock","12":"taxable","13":"shipping-taxable","14":"purchasable","15":"product-type-simple"},"acf":[],"uagb_featured_image_src":{"full":["https:\/\/servicelabcanada.ca\/wp-content\/uploads\/2022\/10\/SOKAL-e1584385882960-3.jpg",1500,1500,false],"thumbnail":["https:\/\/servicelabcanada.ca\/wp-content\/uploads\/2022\/10\/SOKAL-e1584385882960-3-150x150.jpg",150,150,true],"medium":["https:\/\/servicelabcanada.ca\/wp-content\/uploads\/2022\/10\/SOKAL-e1584385882960-3-300x300.jpg",300,300,true],"medium_large":["https:\/\/servicelabcanada.ca\/wp-content\/uploads\/2022\/10\/SOKAL-e1584385882960-3-768x768.jpg",768,768,true],"large":["https:\/\/servicelabcanada.ca\/wp-content\/uploads\/2022\/10\/SOKAL-e1584385882960-3-1024x1024.jpg",980,980,true],"1536x1536":["https:\/\/servicelabcanada.ca\/wp-content\/uploads\/2022\/10\/SOKAL-e1584385882960-3.jpg",1500,1500,false],"2048x2048":["https:\/\/servicelabcanada.ca\/wp-content\/uploads\/2022\/10\/SOKAL-e1584385882960-3.jpg",1500,1500,false],"gb-block-post-grid-landscape":["https:\/\/servicelabcanada.ca\/wp-content\/uploads\/2022\/10\/SOKAL-e1584385882960-3-600x400.jpg",600,400,true],"gb-block-post-grid-square":["https:\/\/servicelabcanada.ca\/wp-content\/uploads\/2022\/10\/SOKAL-e1584385882960-3-600x600.jpg",600,600,true],"gform-image-choice-sm":["https:\/\/servicelabcanada.ca\/wp-content\/uploads\/2022\/10\/SOKAL-e1584385882960-3.jpg",300,300,false],"gform-image-choice-md":["https:\/\/servicelabcanada.ca\/wp-content\/uploads\/2022\/10\/SOKAL-e1584385882960-3.jpg",400,400,false],"gform-image-choice-lg":["https:\/\/servicelabcanada.ca\/wp-content\/uploads\/2022\/10\/SOKAL-e1584385882960-3.jpg",600,600,false],"woocommerce_thumbnail":["https:\/\/servicelabcanada.ca\/wp-content\/uploads\/2022\/10\/SOKAL-e1584385882960-3-324x324.jpg",324,324,true],"woocommerce_single":["https:\/\/servicelabcanada.ca\/wp-content\/uploads\/2022\/10\/SOKAL-e1584385882960-3-416x416.jpg",416,416,true],"woocommerce_gallery_thumbnail":["https:\/\/servicelabcanada.ca\/wp-content\/uploads\/2022\/10\/SOKAL-e1584385882960-3-100x100.jpg",100,100,true]},"uagb_author_info":{"display_name":"siteadmin","author_link":"https:\/\/servicelabcanada.ca\/en\/author\/"},"uagb_comment_info":0,"uagb_excerpt":"DOCUMENTATION: SDS Anglais SL PUISSANT D\u00c9GRAISSEUR EN POUDRE_F90332AFB_F90332AFZ_20kg_9.5kg_ENG Fiche technique Anglais\u00a0 SL PUISSANT D\u00c9GRAISSEUR EN POUDRE_F90332AFB_F90332AFZ_20kg_9.5kg_ENG SDS Fran\u00e7ais SL PUISSANT D\u00c9GRAISSEUR EN POUDRE_F90332AFB_F90332AFZ_20kg_9.5kg_FR Fiche technique Fran\u00e7ais SL PUISSANT D\u00c9GRAISSEUR EN POUDRE_F90332AFB_F90332AFZ_20kg_9.5kg_FR","_links":{"self":[{"href":"https:\/\/servicelabcanada.ca\/en\/wp-json\/wp\/v2\/product\/3969","targetHints":{"allow":["GET"]}}],"collection":[{"href":"https:\/\/servicelabcanada.ca\/en\/wp-json\/wp\/v2\/product"}],"about":[{"href":"https:\/\/servicelabcanada.ca\/en\/wp-json\/wp\/v2\/types\/product"}],"wp:featuredmedia":[{"embeddable":true,"href":"https:\/\/servicelabcanada.ca\/en\/wp-json\/wp\/v2\/media\/3970"}],"wp:attachment":[{"href":"https:\/\/servicelabcanada.ca\/en\/wp-json\/wp\/v2\/media?parent=3969"}],"wp:term":[{"taxonomy":"product_brand","embeddable":true,"href":"https:\/\/servicelabcanada.ca\/en\/wp-json\/wp\/v2\/product_brand?post=3969"},{"taxonomy":"product_cat","embeddable":true,"href":"https:\/\/servicelabcanada.ca\/en\/wp-json\/wp\/v2\/product_cat?post=3969"},{"taxonomy":"product_tag","embeddable":true,"href":"https:\/\/servicelabcanada.ca\/en\/wp-json\/wp\/v2\/product_tag?post=3969"}],"curies":[{"name":"wp","href":"https:\/\/api.w.org\/{rel}","templated":true}]}}