{"id":4991,"date":"2022-11-22T09:54:08","date_gmt":"2022-11-22T14:54:08","guid":{"rendered":"https:\/\/servicelabcanada.ca\/?post_type=product&#038;p=4991"},"modified":"2026-01-06T16:04:24","modified_gmt":"2026-01-06T21:04:24","slug":"potsuds-20l-f00561cac","status":"publish","type":"product","link":"https:\/\/servicelabcanada.ca\/en\/product\/potsuds-20l-f00561cac\/","title":{"rendered":"SL FOAMING LIQUID DETERGENT FOR POTS (20L)"},"content":{"rendered":"<p>This product is a combination of anionic and non-ionic biodegradable surfactants and foam stabilizers. It is a long-lasting concentrated detergent developed for hand-washing pots and pans. The product keeps hands soft, thanks to the emollients in its formulation. This product is a phosphate and phosphorus-free product. It can be used alone as an extremely efficient manual cleaner for pots and pans. It can also be used as a foam booster in combination with other detergents.<\/p>\n<p>Accepted for use in food plants.<br \/>\nRecommended for organic production according to<br \/>\nCAN\/CGSB-32.310-2020 \/ CAN\/CGSB-32.311-2020.<br \/>\nCertified Kosher<br \/>\nCertified Halal<\/p>\n","protected":false},"excerpt":{"rendered":"<p><span style=\"color: #000080\"><strong>DOCUMENTATION:<\/strong><\/span><\/p>\n<p>SDS <span style=\"color: #ff0000\">English <a href=\"https:\/\/servicelabcanada.ca\/wp-content\/uploads\/2022\/11\/SL-DETERGENT-LIQUIDE-MOUSSANT-POUR-CASSEROLES_F01561CAC_F01561CAA_20L_4L_ENG-2.pdf\">SL D\u00c9TERGENT LIQUIDE MOUSSANT POUR CASSEROLES_F01561CAC_F01561CAA_20L_4L_ENG<\/a><\/span><\/p>\n<p>Tech Data Sheet <span style=\"color: #ff0000\">English <a href=\"https:\/\/servicelabcanada.ca\/wp-content\/uploads\/2022\/11\/SL-DETERGENT-LIQUIDE-MOUSSANT-POUR-CASSEROLES_F01561CAC_F01561CAA_20L_4L_ENG-3.pdf\">SL D\u00c9TERGENT LIQUIDE MOUSSANT POUR CASSEROLES_F01561CAC_F01561CAA_20L_4L_ENG<\/a><\/span><\/p>\n<p>SDS <span style=\"color: #3366ff\">French <a href=\"https:\/\/servicelabcanada.ca\/wp-content\/uploads\/2022\/11\/SL-DETERGENT-LIQUIDE-MOUSSANT-POUR-CASSEROLES_F01561CAC_F01561CAA_20L_4L_FR-2.pdf\">SL D\u00c9TERGENT LIQUIDE MOUSSANT POUR CASSEROLES_F01561CAC_F01561CAA_20L_4L_FR<\/a><\/span><\/p>\n<p>Tech Data Sheet <span style=\"color: #3366ff\">French <a href=\"https:\/\/servicelabcanada.ca\/wp-content\/uploads\/2022\/11\/SL-DETERGENT-LIQUIDE-MOUSSANT-POUR-CASSEROLES_F01561CAC_F01561CAA_20L_4L_FR-3.pdf\">SL D\u00c9TERGENT LIQUIDE MOUSSANT POUR CASSEROLES_F01561CAC_F01561CAA_20L_4L_FR<\/a><\/span><\/p>\n","protected":false},"featured_media":5081,"template":"","meta":{"_acf_changed":false,"_seopress_robots_primary_cat":"none","_seopress_titles_title":"","_seopress_titles_desc":"","_seopress_robots_index":"","_uag_custom_page_level_css":""},"product_brand":[],"product_cat":[541,228,512,558],"product_tag":[],"class_list":{"0":"post-4991","1":"product","2":"type-product","3":"status-publish","4":"has-post-thumbnail","6":"product_cat-dishwashing","7":"product_cat-kitchen-cleaning-sanitation","8":"product_cat-pot-pan","9":"product_cat-pot-pan-en","10":"product_shipping_class-cleaning-sanitation","12":"first","13":"instock","14":"taxable","15":"shipping-taxable","16":"purchasable","17":"product-type-simple"},"acf":[],"uagb_featured_image_src":{"full":["https:\/\/servicelabcanada.ca\/wp-content\/uploads\/2022\/11\/POTSUDS-20L.jpg",2000,2000,false],"thumbnail":["https:\/\/servicelabcanada.ca\/wp-content\/uploads\/2022\/11\/POTSUDS-20L-150x150.jpg",150,150,true],"medium":["https:\/\/servicelabcanada.ca\/wp-content\/uploads\/2022\/11\/POTSUDS-20L-300x300.jpg",300,300,true],"medium_large":["https:\/\/servicelabcanada.ca\/wp-content\/uploads\/2022\/11\/POTSUDS-20L-768x768.jpg",768,768,true],"large":["https:\/\/servicelabcanada.ca\/wp-content\/uploads\/2022\/11\/POTSUDS-20L-1024x1024.jpg",980,980,true],"1536x1536":["https:\/\/servicelabcanada.ca\/wp-content\/uploads\/2022\/11\/POTSUDS-20L-1536x1536.jpg",1536,1536,true],"2048x2048":["https:\/\/servicelabcanada.ca\/wp-content\/uploads\/2022\/11\/POTSUDS-20L.jpg",2000,2000,false],"gb-block-post-grid-landscape":["https:\/\/servicelabcanada.ca\/wp-content\/uploads\/2022\/11\/POTSUDS-20L-600x400.jpg",600,400,true],"gb-block-post-grid-square":["https:\/\/servicelabcanada.ca\/wp-content\/uploads\/2022\/11\/POTSUDS-20L-600x600.jpg",600,600,true],"gform-image-choice-sm":["https:\/\/servicelabcanada.ca\/wp-content\/uploads\/2022\/11\/POTSUDS-20L.jpg",300,300,false],"gform-image-choice-md":["https:\/\/servicelabcanada.ca\/wp-content\/uploads\/2022\/11\/POTSUDS-20L.jpg",400,400,false],"gform-image-choice-lg":["https:\/\/servicelabcanada.ca\/wp-content\/uploads\/2022\/11\/POTSUDS-20L.jpg",600,600,false],"woocommerce_thumbnail":["https:\/\/servicelabcanada.ca\/wp-content\/uploads\/2022\/11\/POTSUDS-20L-324x324.jpg",324,324,true],"woocommerce_single":["https:\/\/servicelabcanada.ca\/wp-content\/uploads\/2022\/11\/POTSUDS-20L-416x416.jpg",416,416,true],"woocommerce_gallery_thumbnail":["https:\/\/servicelabcanada.ca\/wp-content\/uploads\/2022\/11\/POTSUDS-20L-100x100.jpg",100,100,true]},"uagb_author_info":{"display_name":"editor","author_link":"https:\/\/servicelabcanada.ca\/en\/author\/"},"uagb_comment_info":0,"uagb_excerpt":"DOCUMENTATION: SDS English SL D\u00c9TERGENT LIQUIDE MOUSSANT POUR CASSEROLES_F01561CAC_F01561CAA_20L_4L_ENG Tech Data Sheet English SL D\u00c9TERGENT LIQUIDE MOUSSANT POUR CASSEROLES_F01561CAC_F01561CAA_20L_4L_ENG SDS French SL D\u00c9TERGENT LIQUIDE MOUSSANT POUR CASSEROLES_F01561CAC_F01561CAA_20L_4L_FR Tech Data Sheet French SL D\u00c9TERGENT LIQUIDE MOUSSANT POUR CASSEROLES_F01561CAC_F01561CAA_20L_4L_FR","_links":{"self":[{"href":"https:\/\/servicelabcanada.ca\/en\/wp-json\/wp\/v2\/product\/4991","targetHints":{"allow":["GET"]}}],"collection":[{"href":"https:\/\/servicelabcanada.ca\/en\/wp-json\/wp\/v2\/product"}],"about":[{"href":"https:\/\/servicelabcanada.ca\/en\/wp-json\/wp\/v2\/types\/product"}],"wp:featuredmedia":[{"embeddable":true,"href":"https:\/\/servicelabcanada.ca\/en\/wp-json\/wp\/v2\/media\/5081"}],"wp:attachment":[{"href":"https:\/\/servicelabcanada.ca\/en\/wp-json\/wp\/v2\/media?parent=4991"}],"wp:term":[{"taxonomy":"product_brand","embeddable":true,"href":"https:\/\/servicelabcanada.ca\/en\/wp-json\/wp\/v2\/product_brand?post=4991"},{"taxonomy":"product_cat","embeddable":true,"href":"https:\/\/servicelabcanada.ca\/en\/wp-json\/wp\/v2\/product_cat?post=4991"},{"taxonomy":"product_tag","embeddable":true,"href":"https:\/\/servicelabcanada.ca\/en\/wp-json\/wp\/v2\/product_tag?post=4991"}],"curies":[{"name":"wp","href":"https:\/\/api.w.org\/{rel}","templated":true}]}}