{"id":5010,"date":"2022-11-22T10:38:42","date_gmt":"2022-11-22T15:38:42","guid":{"rendered":"https:\/\/servicelabcanada.ca\/?post_type=product&#038;p=5010"},"modified":"2026-02-16T18:37:42","modified_gmt":"2026-02-16T23:37:42","slug":"foam-chlor-20l-f10041asb","status":"publish","type":"product","link":"https:\/\/servicelabcanada.ca\/en\/product\/foam-chlor-20l-f10041asb\/","title":{"rendered":"SL CHLORINATED CLEANER AND SANITIZER (20L) &#8211; SPECIAL"},"content":{"rendered":"<p>SL CHLORINATED CLEANER AND SANITIZER is an alkaline cleaner that possesses sanitizing properties. It is excellent for cutting boards and the general cleaning of factories. This product is a specially formulated product for food processing, agricultural farms (pork, poultry, and bovine), hatcheries.<\/p>\n<p>Accepted for use in food production.<br \/>\nRecommended for organic production according to CAN\/CGSB-32.310-2015 \/ CAN\/CGSB-32.311-2015<\/p>\n<p>Certified Kosher<\/p>\n","protected":false},"excerpt":{"rendered":"<p>&nbsp;<\/p>\n<p><strong>Only available by special order<\/strong><\/p>\n<hr \/>\n<p><strong><span style=\"color: #000080\">DOCUMENTATION:<\/span><\/strong><\/p>\n<p>SDS <span style=\"color: #ff0000\">Anglais <a href=\"https:\/\/servicelabcanada.ca\/wp-content\/uploads\/2020\/03\/SL-NETTOYANT-ASSAINISSEUR-CHLORE_20L_4L_F11041ASB_F11041ASA_ENG.pdf\">SL NETTOYANT &amp; ASSAINISSEUR CHLOR\u00c9_20L_4L_F11041ASB_F11041ASA_ENG<\/a><\/span><\/p>\n<p>Fiche technique <span style=\"color: #ff0000\">English <a href=\"https:\/\/servicelabcanada.ca\/wp-content\/uploads\/2020\/03\/SL-NETTOYANT-ASSAINISSEUR-CHLORE_20L_4L_F11041ASB_F11041ASA_ENG-1.pdf\">SL NETTOYANT &amp; ASSAINISSEUR CHLOR\u00c9_20L_4L_F11041ASB_F11041ASA_ENG<\/a><\/span><\/p>\n<p>SDS <span style=\"color: #3366ff\">Fran\u00e7ais\u00a0 <a href=\"https:\/\/servicelabcanada.ca\/wp-content\/uploads\/2020\/03\/SL-NETTOYANT-ASSAINISSEUR-CHLORE_20L_4L_F11041ASB_F11041ASA_FR.pdf\">SL NETTOYANT &amp; ASSAINISSEUR CHLOR\u00c9_20L_4L_F11041ASB_F11041ASA_FR<\/a><\/span><\/p>\n<p>Fiche technique <span style=\"color: #3366ff\">Fran\u00e7ais\u00a0 <a href=\"https:\/\/servicelabcanada.ca\/wp-content\/uploads\/2020\/03\/SL-NETTOYANT-ASSAINISSEUR-CHLORE_20L_4L_F11041ASB_F11041ASA_FR-1.pdf\">SL NETTOYANT &amp; ASSAINISSEUR CHLOR\u00c9_20L_4L_F11041ASB_F11041ASA_FR<\/a><\/span><\/p>\n","protected":false},"featured_media":5012,"template":"","meta":{"_acf_changed":false,"_seopress_robots_primary_cat":"none","_seopress_titles_title":"","_seopress_titles_desc":"","_seopress_robots_index":"","_uag_custom_page_level_css":""},"product_brand":[],"product_cat":[522,228],"product_tag":[],"class_list":{"0":"post-5010","1":"product","2":"type-product","3":"status-publish","4":"has-post-thumbnail","6":"product_cat-degreaser","7":"product_cat-kitchen-cleaning-sanitation","8":"product_shipping_class-cleaning-sanitation","10":"first","11":"instock","12":"taxable","13":"shipping-taxable","14":"purchasable","15":"product-type-simple"},"acf":[],"uagb_featured_image_src":{"full":["https:\/\/servicelabcanada.ca\/wp-content\/uploads\/2022\/11\/foam-chlor.png",251,264,false],"thumbnail":["https:\/\/servicelabcanada.ca\/wp-content\/uploads\/2022\/11\/foam-chlor-150x150.png",150,150,true],"medium":["https:\/\/servicelabcanada.ca\/wp-content\/uploads\/2022\/11\/foam-chlor.png",251,264,false],"medium_large":["https:\/\/servicelabcanada.ca\/wp-content\/uploads\/2022\/11\/foam-chlor.png",251,264,false],"large":["https:\/\/servicelabcanada.ca\/wp-content\/uploads\/2022\/11\/foam-chlor.png",251,264,false],"1536x1536":["https:\/\/servicelabcanada.ca\/wp-content\/uploads\/2022\/11\/foam-chlor.png",251,264,false],"2048x2048":["https:\/\/servicelabcanada.ca\/wp-content\/uploads\/2022\/11\/foam-chlor.png",251,264,false],"gb-block-post-grid-landscape":["https:\/\/servicelabcanada.ca\/wp-content\/uploads\/2022\/11\/foam-chlor.png",251,264,false],"gb-block-post-grid-square":["https:\/\/servicelabcanada.ca\/wp-content\/uploads\/2022\/11\/foam-chlor.png",251,264,false],"gform-image-choice-sm":["https:\/\/servicelabcanada.ca\/wp-content\/uploads\/2022\/11\/foam-chlor.png",251,264,false],"gform-image-choice-md":["https:\/\/servicelabcanada.ca\/wp-content\/uploads\/2022\/11\/foam-chlor.png",251,264,false],"gform-image-choice-lg":["https:\/\/servicelabcanada.ca\/wp-content\/uploads\/2022\/11\/foam-chlor.png",251,264,false],"woocommerce_thumbnail":["https:\/\/servicelabcanada.ca\/wp-content\/uploads\/2022\/11\/foam-chlor.png",251,264,false],"woocommerce_single":["https:\/\/servicelabcanada.ca\/wp-content\/uploads\/2022\/11\/foam-chlor.png",251,264,false],"woocommerce_gallery_thumbnail":["https:\/\/servicelabcanada.ca\/wp-content\/uploads\/2022\/11\/foam-chlor-100x100.png",100,100,true]},"uagb_author_info":{"display_name":"editor","author_link":"https:\/\/servicelabcanada.ca\/en\/author\/"},"uagb_comment_info":0,"uagb_excerpt":"&nbsp; Only available by special order DOCUMENTATION: SDS Anglais SL NETTOYANT &amp; ASSAINISSEUR CHLOR\u00c9_20L_4L_F11041ASB_F11041ASA_ENG Fiche technique English SL NETTOYANT &amp; ASSAINISSEUR CHLOR\u00c9_20L_4L_F11041ASB_F11041ASA_ENG SDS Fran\u00e7ais\u00a0 SL NETTOYANT &amp; ASSAINISSEUR CHLOR\u00c9_20L_4L_F11041ASB_F11041ASA_FR Fiche technique Fran\u00e7ais\u00a0 SL NETTOYANT &amp; ASSAINISSEUR CHLOR\u00c9_20L_4L_F11041ASB_F11041ASA_FR","_links":{"self":[{"href":"https:\/\/servicelabcanada.ca\/en\/wp-json\/wp\/v2\/product\/5010","targetHints":{"allow":["GET"]}}],"collection":[{"href":"https:\/\/servicelabcanada.ca\/en\/wp-json\/wp\/v2\/product"}],"about":[{"href":"https:\/\/servicelabcanada.ca\/en\/wp-json\/wp\/v2\/types\/product"}],"wp:featuredmedia":[{"embeddable":true,"href":"https:\/\/servicelabcanada.ca\/en\/wp-json\/wp\/v2\/media\/5012"}],"wp:attachment":[{"href":"https:\/\/servicelabcanada.ca\/en\/wp-json\/wp\/v2\/media?parent=5010"}],"wp:term":[{"taxonomy":"product_brand","embeddable":true,"href":"https:\/\/servicelabcanada.ca\/en\/wp-json\/wp\/v2\/product_brand?post=5010"},{"taxonomy":"product_cat","embeddable":true,"href":"https:\/\/servicelabcanada.ca\/en\/wp-json\/wp\/v2\/product_cat?post=5010"},{"taxonomy":"product_tag","embeddable":true,"href":"https:\/\/servicelabcanada.ca\/en\/wp-json\/wp\/v2\/product_tag?post=5010"}],"curies":[{"name":"wp","href":"https:\/\/api.w.org\/{rel}","templated":true}]}}