{"id":6224,"date":"2023-06-08T14:02:39","date_gmt":"2023-06-08T18:02:39","guid":{"rendered":"https:\/\/servicelabcanada.ca\/?post_type=product&#038;p=6224"},"modified":"2026-02-16T17:14:59","modified_gmt":"2026-02-16T22:14:59","slug":"sl-speed-dry-4x4l","status":"publish","type":"product","link":"https:\/\/servicelabcanada.ca\/en\/product\/sl-speed-dry-4x4l\/","title":{"rendered":"SL LIQUID RINSE ADDITIVE (4x4L)"},"content":{"rendered":"<p>This product is a combination of liquid surfactants that reduce the surface tension of water, resulting in even and rapid water sheeting. With the product glasses, utensils, and dishes will be spotless. SL LIQUID RINSE ADDITIV not only contains BIODEGRADABLE INGREDIENTS, but is suitable for soft and hard water conditions, as well as high and low temperatures.<\/p>\n","protected":false},"excerpt":{"rendered":"<p><strong><span style=\"color: #000080\">DOCUMENTATION:<\/span><\/strong><\/p>\n<p>SDS<span style=\"color: #ff0000\"> English <a href=\"https:\/\/servicelabcanada.ca\/wp-content\/uploads\/2023\/06\/SL-ADDITIF-DE-RINCAGE-LIQUIDE_F80005CCB_F80005CCA_20L_4L_ENG.pdf\">SL ADDITIF DE RIN\u00c7AGE LIQUIDE_F80005CCB_F80005CCA_20L_4L_ENG<\/a><\/span><\/p>\n<p>Tech Data Sheet <span style=\"color: #ff0000\">English <a href=\"https:\/\/servicelabcanada.ca\/wp-content\/uploads\/2023\/06\/SL-ADDITIF-DE-RINCAGE-LIQUIDE_F80005CCB_F80005CCA_20L_4L_ENG-1.pdf\">SL ADDITIF DE RIN\u00c7AGE LIQUIDE_F80005CCB_F80005CCA_20L_4L_ENG<\/a><\/span><\/p>\n<p>SDS <span style=\"color: #3366ff\">French <a href=\"https:\/\/servicelabcanada.ca\/wp-content\/uploads\/2023\/06\/SL-ADDITIF-DE-RINCAGE-LIQUIDE_F80005CCB_F80005CCA_20L_4L_FR.pdf\">SL ADDITIF DE RIN\u00c7AGE LIQUIDE_F80005CCB_F80005CCA_20L_4L_FR<\/a><\/span><\/p>\n<p>Tech Data Sheet <span style=\"color: #3366ff\">French <a href=\"https:\/\/servicelabcanada.ca\/wp-content\/uploads\/2023\/06\/SL-ADDITIF-DE-RINCAGE-LIQUIDE_F80005CCB_F80005CCA_20L_4L_FR-1.pdf\">SL ADDITIF DE RIN\u00c7AGE LIQUIDE_F80005CCB_F80005CCA_20L_4L_FR<\/a><\/span><\/p>\n","protected":false},"featured_media":3954,"template":"","meta":{"_acf_changed":false,"_seopress_robots_primary_cat":"none","_seopress_titles_title":"","_seopress_titles_desc":"","_seopress_robots_index":"","_uag_custom_page_level_css":""},"product_brand":[],"product_cat":[541,547],"product_tag":[],"class_list":{"0":"post-6224","1":"product","2":"type-product","3":"status-publish","4":"has-post-thumbnail","6":"product_cat-dishwashing","7":"product_cat-rinse","8":"product_shipping_class-cleaning-sanitation","10":"first","11":"instock","12":"taxable","13":"shipping-taxable","14":"purchasable","15":"product-type-simple"},"acf":[],"uagb_featured_image_src":{"full":["https:\/\/servicelabcanada.ca\/wp-content\/uploads\/2022\/10\/SPEED-DRY-2-e1584381386721-3.jpg",1500,1500,false],"thumbnail":["https:\/\/servicelabcanada.ca\/wp-content\/uploads\/2022\/10\/SPEED-DRY-2-e1584381386721-3-150x150.jpg",150,150,true],"medium":["https:\/\/servicelabcanada.ca\/wp-content\/uploads\/2022\/10\/SPEED-DRY-2-e1584381386721-3-300x300.jpg",300,300,true],"medium_large":["https:\/\/servicelabcanada.ca\/wp-content\/uploads\/2022\/10\/SPEED-DRY-2-e1584381386721-3-768x768.jpg",768,768,true],"large":["https:\/\/servicelabcanada.ca\/wp-content\/uploads\/2022\/10\/SPEED-DRY-2-e1584381386721-3-1024x1024.jpg",980,980,true],"1536x1536":["https:\/\/servicelabcanada.ca\/wp-content\/uploads\/2022\/10\/SPEED-DRY-2-e1584381386721-3.jpg",1500,1500,false],"2048x2048":["https:\/\/servicelabcanada.ca\/wp-content\/uploads\/2022\/10\/SPEED-DRY-2-e1584381386721-3.jpg",1500,1500,false],"gb-block-post-grid-landscape":["https:\/\/servicelabcanada.ca\/wp-content\/uploads\/2022\/10\/SPEED-DRY-2-e1584381386721-3-600x400.jpg",600,400,true],"gb-block-post-grid-square":["https:\/\/servicelabcanada.ca\/wp-content\/uploads\/2022\/10\/SPEED-DRY-2-e1584381386721-3-600x600.jpg",600,600,true],"gform-image-choice-sm":["https:\/\/servicelabcanada.ca\/wp-content\/uploads\/2022\/10\/SPEED-DRY-2-e1584381386721-3.jpg",300,300,false],"gform-image-choice-md":["https:\/\/servicelabcanada.ca\/wp-content\/uploads\/2022\/10\/SPEED-DRY-2-e1584381386721-3.jpg",400,400,false],"gform-image-choice-lg":["https:\/\/servicelabcanada.ca\/wp-content\/uploads\/2022\/10\/SPEED-DRY-2-e1584381386721-3.jpg",600,600,false],"woocommerce_thumbnail":["https:\/\/servicelabcanada.ca\/wp-content\/uploads\/2022\/10\/SPEED-DRY-2-e1584381386721-3-324x324.jpg",324,324,true],"woocommerce_single":["https:\/\/servicelabcanada.ca\/wp-content\/uploads\/2022\/10\/SPEED-DRY-2-e1584381386721-3-416x416.jpg",416,416,true],"woocommerce_gallery_thumbnail":["https:\/\/servicelabcanada.ca\/wp-content\/uploads\/2022\/10\/SPEED-DRY-2-e1584381386721-3-100x100.jpg",100,100,true]},"uagb_author_info":{"display_name":"editor","author_link":"https:\/\/servicelabcanada.ca\/en\/author\/"},"uagb_comment_info":0,"uagb_excerpt":"DOCUMENTATION: SDS English SL ADDITIF DE RIN\u00c7AGE LIQUIDE_F80005CCB_F80005CCA_20L_4L_ENG Tech Data Sheet English SL ADDITIF DE RIN\u00c7AGE LIQUIDE_F80005CCB_F80005CCA_20L_4L_ENG SDS French SL ADDITIF DE RIN\u00c7AGE LIQUIDE_F80005CCB_F80005CCA_20L_4L_FR Tech Data Sheet French SL ADDITIF DE RIN\u00c7AGE LIQUIDE_F80005CCB_F80005CCA_20L_4L_FR","_links":{"self":[{"href":"https:\/\/servicelabcanada.ca\/en\/wp-json\/wp\/v2\/product\/6224","targetHints":{"allow":["GET"]}}],"collection":[{"href":"https:\/\/servicelabcanada.ca\/en\/wp-json\/wp\/v2\/product"}],"about":[{"href":"https:\/\/servicelabcanada.ca\/en\/wp-json\/wp\/v2\/types\/product"}],"wp:featuredmedia":[{"embeddable":true,"href":"https:\/\/servicelabcanada.ca\/en\/wp-json\/wp\/v2\/media\/3954"}],"wp:attachment":[{"href":"https:\/\/servicelabcanada.ca\/en\/wp-json\/wp\/v2\/media?parent=6224"}],"wp:term":[{"taxonomy":"product_brand","embeddable":true,"href":"https:\/\/servicelabcanada.ca\/en\/wp-json\/wp\/v2\/product_brand?post=6224"},{"taxonomy":"product_cat","embeddable":true,"href":"https:\/\/servicelabcanada.ca\/en\/wp-json\/wp\/v2\/product_cat?post=6224"},{"taxonomy":"product_tag","embeddable":true,"href":"https:\/\/servicelabcanada.ca\/en\/wp-json\/wp\/v2\/product_tag?post=6224"}],"curies":[{"name":"wp","href":"https:\/\/api.w.org\/{rel}","templated":true}]}}