{"id":6757,"date":"2024-01-04T11:11:43","date_gmt":"2024-01-04T16:11:43","guid":{"rendered":"https:\/\/servicelabcanada.ca\/?post_type=product&#038;p=6757"},"modified":"2026-03-23T16:53:41","modified_gmt":"2026-03-23T20:53:41","slug":"antimicrobic-hand-sanitizer-4x4l","status":"publish","type":"product","link":"https:\/\/servicelabcanada.ca\/en\/product\/antimicrobic-hand-sanitizer-4x4l\/","title":{"rendered":"ANTIMICROBIC HAND SANITIZER (4X4L)"},"content":{"rendered":"<p>ANTIMICROBIC HAND SANITIZER &#8211; (4x4L) Anti-Microbe M | Alcohol-Free | Foam Hand Sanitizer | With Single Foam Pump | Hypoallergenic | Fragrance Free | Safer for Kids<\/p>\n<h3>Hand Sanitizer<\/h3>\n<p>Alcohol-free and of neutral pH,\u00a0<em>Anti-microbe<\/em>\u00a0is a foaming hand sanitizer that doesn\u2019t feel sticky to the touch and doesn\u2019t irritate the skin.<br \/>\nUnlike alcohol-based hand sanitizers that tend to evaporate quickly, ANTI-MICROBE has a residual effect (approved by CFIA).<\/p>\n<div id=\"top_specifications_techniques\">\n<div class=\"titre_telechargement\">\u00a0<strong>Technical Specifications<\/strong><\/div>\n<ul>\n<li><span class=\"titre_caracteristique\">Active Ingredient\u00a0<\/span><span class=\"reponse_caracteristique\">Benzalkonium Chloride<\/span><\/li>\n<li><span class=\"titre_caracteristique\">Color\u00a0<\/span><span class=\"reponse_caracteristique\">Clear<\/span><\/li>\n<li><span class=\"titre_caracteristique\">Concentrated pH (25 \u00b0C)\u00a0<\/span><span class=\"reponse_caracteristique\">7.0<\/span><\/li>\n<li><span class=\"titre_caracteristique\">Fragrance\u00a0<\/span><span class=\"reponse_caracteristique\">free<\/span><\/li>\n<li><span class=\"titre_caracteristique\">Percentage of active ingredients\u00a0<\/span><span class=\"reponse_caracteristique\">0.15%<\/span><\/li>\n<\/ul>\n<p><strong>Caracteristics:<\/strong><\/p>\n<ul>\n<li>Anti-Microbe\u2019s neutral pH balance is as mild on your skin as water, and makes it nail polish and fabric friendly.<\/li>\n<li>Fragrance free<\/li>\n<li>Fabric safe<\/li>\n<li>Leaves no sticky residue<\/li>\n<li>Doesn\u2019t remove fingernail polish<\/li>\n<li>Kills harmful bacteria<\/li>\n<li>Economic to use, requires 65% less volume than alcohol gels.<\/li>\n<\/ul>\n<\/div>\n<p>&nbsp;<\/p>\n","protected":false},"excerpt":{"rendered":"<p><strong><span style=\"color: #000080\">DOCUMENTATION:<\/span><\/strong><\/p>\n<p>SDS <span style=\"color: #ff0000\">Anglais <a href=\"https:\/\/servicelabcanada.ca\/wp-content\/uploads\/2024\/01\/219844_ASSAINISSEUR-A-MAINS-ANTIMICROBE-4X4L_ENG_V2.pdf\">219844_ASSAINISSEUR \u00c0 MAINS ANTIMICROBE (4X4L)_ENG_V2<\/a><\/span><\/p>\n<p>Fiche technique <span style=\"color: #ff0000\">Anglais <a href=\"https:\/\/servicelabcanada.ca\/wp-content\/uploads\/2024\/01\/219844_ASSAINISSEUR-A-MAINS-ANTIMICROBE-4X4L_ENG_V1.pdf\">219844_ASSAINISSEUR \u00c0 MAINS ANTIMICROBE (4X4L)_ENG_V1<\/a><\/span><\/p>\n<p>SDS <span style=\"color: #3366ff\">Fran\u00e7ais <a href=\"https:\/\/servicelabcanada.ca\/wp-content\/uploads\/2024\/01\/219844_ASSAINISSEUR-A-MAINS-ANTIMICROBE-4X4L_FR_V2.pdf\">219844_ASSAINISSEUR \u00c0 MAINS ANTIMICROBE (4X4L)_FR_V2<\/a><\/span><\/p>\n<p>Fiche technique <span style=\"color: #3366ff\">Fran\u00e7ais <a href=\"https:\/\/servicelabcanada.ca\/wp-content\/uploads\/2024\/01\/219844_ASSAINISSEUR-A-MAINS-ANTIMICROBE-4X4L_FR_V1.pdf\">219844_ASSAINISSEUR \u00c0 MAINS ANTIMICROBE (4X4L)_FR_V1<\/a><\/span><\/p>\n","protected":false},"featured_media":6759,"template":"","meta":{"_acf_changed":false,"_seopress_robots_primary_cat":"none","_seopress_titles_title":"","_seopress_titles_desc":"","_seopress_robots_index":"","_uag_custom_page_level_css":""},"product_brand":[],"product_cat":[534],"product_tag":[],"class_list":{"0":"post-6757","1":"product","2":"type-product","3":"status-publish","4":"has-post-thumbnail","6":"product_cat-hand-care","7":"product_shipping_class-cleaning-sanitation","9":"first","10":"instock","11":"taxable","12":"shipping-taxable","13":"purchasable","14":"product-type-simple"},"acf":[],"uagb_featured_image_src":{"full":["https:\/\/servicelabcanada.ca\/wp-content\/uploads\/2024\/01\/ASSAINISSEUR-A-MAINS-ANTIMICROBE_219844_4L.jpg",918,918,false],"thumbnail":["https:\/\/servicelabcanada.ca\/wp-content\/uploads\/2024\/01\/ASSAINISSEUR-A-MAINS-ANTIMICROBE_219844_4L-150x150.jpg",150,150,true],"medium":["https:\/\/servicelabcanada.ca\/wp-content\/uploads\/2024\/01\/ASSAINISSEUR-A-MAINS-ANTIMICROBE_219844_4L-300x300.jpg",300,300,true],"medium_large":["https:\/\/servicelabcanada.ca\/wp-content\/uploads\/2024\/01\/ASSAINISSEUR-A-MAINS-ANTIMICROBE_219844_4L-768x768.jpg",768,768,true],"large":["https:\/\/servicelabcanada.ca\/wp-content\/uploads\/2024\/01\/ASSAINISSEUR-A-MAINS-ANTIMICROBE_219844_4L.jpg",918,918,false],"1536x1536":["https:\/\/servicelabcanada.ca\/wp-content\/uploads\/2024\/01\/ASSAINISSEUR-A-MAINS-ANTIMICROBE_219844_4L.jpg",918,918,false],"2048x2048":["https:\/\/servicelabcanada.ca\/wp-content\/uploads\/2024\/01\/ASSAINISSEUR-A-MAINS-ANTIMICROBE_219844_4L.jpg",918,918,false],"gb-block-post-grid-landscape":["https:\/\/servicelabcanada.ca\/wp-content\/uploads\/2024\/01\/ASSAINISSEUR-A-MAINS-ANTIMICROBE_219844_4L-600x400.jpg",600,400,true],"gb-block-post-grid-square":["https:\/\/servicelabcanada.ca\/wp-content\/uploads\/2024\/01\/ASSAINISSEUR-A-MAINS-ANTIMICROBE_219844_4L-600x600.jpg",600,600,true],"gform-image-choice-sm":["https:\/\/servicelabcanada.ca\/wp-content\/uploads\/2024\/01\/ASSAINISSEUR-A-MAINS-ANTIMICROBE_219844_4L.jpg",300,300,false],"gform-image-choice-md":["https:\/\/servicelabcanada.ca\/wp-content\/uploads\/2024\/01\/ASSAINISSEUR-A-MAINS-ANTIMICROBE_219844_4L.jpg",400,400,false],"gform-image-choice-lg":["https:\/\/servicelabcanada.ca\/wp-content\/uploads\/2024\/01\/ASSAINISSEUR-A-MAINS-ANTIMICROBE_219844_4L.jpg",600,600,false],"woocommerce_thumbnail":["https:\/\/servicelabcanada.ca\/wp-content\/uploads\/2024\/01\/ASSAINISSEUR-A-MAINS-ANTIMICROBE_219844_4L-324x324.jpg",324,324,true],"woocommerce_single":["https:\/\/servicelabcanada.ca\/wp-content\/uploads\/2024\/01\/ASSAINISSEUR-A-MAINS-ANTIMICROBE_219844_4L-416x416.jpg",416,416,true],"woocommerce_gallery_thumbnail":["https:\/\/servicelabcanada.ca\/wp-content\/uploads\/2024\/01\/ASSAINISSEUR-A-MAINS-ANTIMICROBE_219844_4L-100x100.jpg",100,100,true]},"uagb_author_info":{"display_name":"editor","author_link":"https:\/\/servicelabcanada.ca\/en\/author\/"},"uagb_comment_info":0,"uagb_excerpt":"DOCUMENTATION: SDS Anglais 219844_ASSAINISSEUR \u00c0 MAINS ANTIMICROBE (4X4L)_ENG_V2 Fiche technique Anglais 219844_ASSAINISSEUR \u00c0 MAINS ANTIMICROBE (4X4L)_ENG_V1 SDS Fran\u00e7ais 219844_ASSAINISSEUR \u00c0 MAINS ANTIMICROBE (4X4L)_FR_V2 Fiche technique Fran\u00e7ais 219844_ASSAINISSEUR \u00c0 MAINS ANTIMICROBE (4X4L)_FR_V1","_links":{"self":[{"href":"https:\/\/servicelabcanada.ca\/en\/wp-json\/wp\/v2\/product\/6757","targetHints":{"allow":["GET"]}}],"collection":[{"href":"https:\/\/servicelabcanada.ca\/en\/wp-json\/wp\/v2\/product"}],"about":[{"href":"https:\/\/servicelabcanada.ca\/en\/wp-json\/wp\/v2\/types\/product"}],"wp:featuredmedia":[{"embeddable":true,"href":"https:\/\/servicelabcanada.ca\/en\/wp-json\/wp\/v2\/media\/6759"}],"wp:attachment":[{"href":"https:\/\/servicelabcanada.ca\/en\/wp-json\/wp\/v2\/media?parent=6757"}],"wp:term":[{"taxonomy":"product_brand","embeddable":true,"href":"https:\/\/servicelabcanada.ca\/en\/wp-json\/wp\/v2\/product_brand?post=6757"},{"taxonomy":"product_cat","embeddable":true,"href":"https:\/\/servicelabcanada.ca\/en\/wp-json\/wp\/v2\/product_cat?post=6757"},{"taxonomy":"product_tag","embeddable":true,"href":"https:\/\/servicelabcanada.ca\/en\/wp-json\/wp\/v2\/product_tag?post=6757"}],"curies":[{"name":"wp","href":"https:\/\/api.w.org\/{rel}","templated":true}]}}