{"id":6770,"date":"2024-01-04T13:17:15","date_gmt":"2024-01-04T18:17:15","guid":{"rendered":"https:\/\/servicelabcanada.ca\/?post_type=product&#038;p=6770"},"modified":"2025-10-14T16:38:12","modified_gmt":"2025-10-14T20:38:12","slug":"magic-all-purpose-foaming-detergent-20l","status":"publish","type":"product","link":"https:\/\/servicelabcanada.ca\/en\/product\/magic-all-purpose-foaming-detergent-20l\/","title":{"rendered":"MAGIC- ALL-PURPOSE FOAMING DETERGENT (20L)"},"content":{"rendered":"<div class=\"reverse-mobile\">\n<p>MAGIC is a new generation of alkaline cleaner without concentrated caustic soda. MAGIC is a perfect balance of surfactants, sequestering agents and causticity for a general usage. MAGIC quickly removes oils, grease, and organic matter. For use in the food and agricultural industries, as well as other industries.<\/p>\n<\/div>\n","protected":false},"excerpt":{"rendered":"<p>CONSTANT MAGIC &#8211; ALL-PURPOSE FOAMING DETERGENT (20L) &#8211; 1 x 20L<\/p>\n<hr \/>\n<p><strong>DOCUMENTATION:\u00a0<\/strong><\/p>\n<p>SDS <span style=\"color: #ff0000\">Anglais <a href=\"https:\/\/servicelabcanada.ca\/wp-content\/uploads\/2024\/01\/CA_MAGIC-DETERGENT-MOUSSANT-TOUT-USAGE_F05990ASA_20L_ENG-1.pdf\">CA_MAGIC-D\u00c9TERGENT MOUSSANT TOUT USAGE_F05990ASA_20L_ENG<\/a>\u00a0<\/span><\/p>\n<p>Fiche technique <span style=\"color: #ff0000\">Anglais <a href=\"https:\/\/servicelabcanada.ca\/wp-content\/uploads\/2024\/01\/CA_MAGIC-DETERGENT-MOUSSANT-TOUT-USAGE_F05990ASA_20L_ENG.pdf\">CA_MAGIC-D\u00c9TERGENT MOUSSANT TOUT USAGE_F05990ASA_20L_ENG<\/a><\/span><\/p>\n<p>SDS <span style=\"color: #3366ff\">Fran\u00e7ais <a href=\"https:\/\/servicelabcanada.ca\/wp-content\/uploads\/2024\/01\/CA_MAGIC-DETERGENT-MOUSSANT-TOUT-USAGE_F05990ASA_20L_FR-1.pdf\">CA_MAGIC-D\u00c9TERGENT MOUSSANT TOUT USAGE_F05990ASA_20L_FR<\/a><\/span><\/p>\n<p>Fiche technique <span style=\"color: #3366ff\">Fran\u00e7ais <a href=\"https:\/\/servicelabcanada.ca\/wp-content\/uploads\/2024\/01\/CA_MAGIC-DETERGENT-MOUSSANT-TOUT-USAGE_F05990ASA_20L_FR.pdf\">CA_MAGIC-D\u00c9TERGENT MOUSSANT TOUT USAGE_F05990ASA_20L_FR<\/a><\/span><\/p>\n","protected":false},"featured_media":6772,"template":"","meta":{"_acf_changed":false,"_seopress_robots_primary_cat":"none","_seopress_titles_title":"","_seopress_titles_desc":"","_seopress_robots_index":"","_uag_custom_page_level_css":""},"product_brand":[],"product_cat":[522,228],"product_tag":[],"class_list":{"0":"post-6770","1":"product","2":"type-product","3":"status-publish","4":"has-post-thumbnail","6":"product_cat-degreaser","7":"product_cat-kitchen-cleaning-sanitation","8":"product_shipping_class-cleaning-sanitation","10":"first","11":"instock","12":"taxable","13":"shipping-taxable","14":"purchasable","15":"product-type-simple"},"acf":[],"uagb_featured_image_src":{"full":["https:\/\/servicelabcanada.ca\/wp-content\/uploads\/2024\/01\/CONSTANT-MAGIC_F05990ASA_4L.png",380,515,false],"thumbnail":["https:\/\/servicelabcanada.ca\/wp-content\/uploads\/2024\/01\/CONSTANT-MAGIC_F05990ASA_4L-150x150.png",150,150,true],"medium":["https:\/\/servicelabcanada.ca\/wp-content\/uploads\/2024\/01\/CONSTANT-MAGIC_F05990ASA_4L-221x300.png",221,300,true],"medium_large":["https:\/\/servicelabcanada.ca\/wp-content\/uploads\/2024\/01\/CONSTANT-MAGIC_F05990ASA_4L.png",380,515,false],"large":["https:\/\/servicelabcanada.ca\/wp-content\/uploads\/2024\/01\/CONSTANT-MAGIC_F05990ASA_4L.png",380,515,false],"1536x1536":["https:\/\/servicelabcanada.ca\/wp-content\/uploads\/2024\/01\/CONSTANT-MAGIC_F05990ASA_4L.png",380,515,false],"2048x2048":["https:\/\/servicelabcanada.ca\/wp-content\/uploads\/2024\/01\/CONSTANT-MAGIC_F05990ASA_4L.png",380,515,false],"gb-block-post-grid-landscape":["https:\/\/servicelabcanada.ca\/wp-content\/uploads\/2024\/01\/CONSTANT-MAGIC_F05990ASA_4L-380x400.png",380,400,true],"gb-block-post-grid-square":["https:\/\/servicelabcanada.ca\/wp-content\/uploads\/2024\/01\/CONSTANT-MAGIC_F05990ASA_4L.png",380,515,false],"gform-image-choice-sm":["https:\/\/servicelabcanada.ca\/wp-content\/uploads\/2024\/01\/CONSTANT-MAGIC_F05990ASA_4L.png",221,300,false],"gform-image-choice-md":["https:\/\/servicelabcanada.ca\/wp-content\/uploads\/2024\/01\/CONSTANT-MAGIC_F05990ASA_4L.png",295,400,false],"gform-image-choice-lg":["https:\/\/servicelabcanada.ca\/wp-content\/uploads\/2024\/01\/CONSTANT-MAGIC_F05990ASA_4L.png",380,515,false],"woocommerce_thumbnail":["https:\/\/servicelabcanada.ca\/wp-content\/uploads\/2024\/01\/CONSTANT-MAGIC_F05990ASA_4L-324x324.png",324,324,true],"woocommerce_single":["https:\/\/servicelabcanada.ca\/wp-content\/uploads\/2024\/01\/CONSTANT-MAGIC_F05990ASA_4L.png",380,515,false],"woocommerce_gallery_thumbnail":["https:\/\/servicelabcanada.ca\/wp-content\/uploads\/2024\/01\/CONSTANT-MAGIC_F05990ASA_4L-100x100.png",100,100,true]},"uagb_author_info":{"display_name":"editor","author_link":"https:\/\/servicelabcanada.ca\/en\/author\/"},"uagb_comment_info":0,"uagb_excerpt":"CONSTANT MAGIC - ALL-PURPOSE FOAMING DETERGENT (20L) - 1 x 20L DOCUMENTATION:\u00a0 SDS Anglais CA_MAGIC-D\u00c9TERGENT MOUSSANT TOUT USAGE_F05990ASA_20L_ENG\u00a0 Fiche technique Anglais CA_MAGIC-D\u00c9TERGENT MOUSSANT TOUT USAGE_F05990ASA_20L_ENG SDS Fran\u00e7ais CA_MAGIC-D\u00c9TERGENT MOUSSANT TOUT USAGE_F05990ASA_20L_FR Fiche technique Fran\u00e7ais CA_MAGIC-D\u00c9TERGENT MOUSSANT TOUT USAGE_F05990ASA_20L_FR","_links":{"self":[{"href":"https:\/\/servicelabcanada.ca\/en\/wp-json\/wp\/v2\/product\/6770","targetHints":{"allow":["GET"]}}],"collection":[{"href":"https:\/\/servicelabcanada.ca\/en\/wp-json\/wp\/v2\/product"}],"about":[{"href":"https:\/\/servicelabcanada.ca\/en\/wp-json\/wp\/v2\/types\/product"}],"wp:featuredmedia":[{"embeddable":true,"href":"https:\/\/servicelabcanada.ca\/en\/wp-json\/wp\/v2\/media\/6772"}],"wp:attachment":[{"href":"https:\/\/servicelabcanada.ca\/en\/wp-json\/wp\/v2\/media?parent=6770"}],"wp:term":[{"taxonomy":"product_brand","embeddable":true,"href":"https:\/\/servicelabcanada.ca\/en\/wp-json\/wp\/v2\/product_brand?post=6770"},{"taxonomy":"product_cat","embeddable":true,"href":"https:\/\/servicelabcanada.ca\/en\/wp-json\/wp\/v2\/product_cat?post=6770"},{"taxonomy":"product_tag","embeddable":true,"href":"https:\/\/servicelabcanada.ca\/en\/wp-json\/wp\/v2\/product_tag?post=6770"}],"curies":[{"name":"wp","href":"https:\/\/api.w.org\/{rel}","templated":true}]}}