{"id":6776,"date":"2024-01-05T12:08:13","date_gmt":"2024-01-05T17:08:13","guid":{"rendered":"https:\/\/servicelabcanada.ca\/?post_type=product&#038;p=6776"},"modified":"2025-10-14T16:38:11","modified_gmt":"2025-10-14T20:38:11","slug":"cherry-liquid-deodorant-4x4l","status":"publish","type":"product","link":"https:\/\/servicelabcanada.ca\/en\/product\/cherry-liquid-deodorant-4x4l\/","title":{"rendered":"Cherry Liquid Deodorant (4x4L)"},"content":{"rendered":"<div class=\"reverse-mobile\">\n<p>A biodegradable highly concentrated odour counteractant that instantly eliminates malodors of all types and leaves a light, pleasant fragrance in treated areas.\u00a0 Chemically destroys the source of odour.\u00a0 Remains effective for days.<\/p>\n<\/div>\n","protected":false},"excerpt":{"rendered":"<p>Cherry Liquid Deodorant &#8211; 4x4L \/CS<\/p>\n<p>&nbsp;<\/p>\n<hr \/>\n<p><strong><span style=\"color: #000080\">DOCUMENTATION:<\/span><\/strong><\/p>\n<p>Fiche technique <span style=\"color: #ff0000\">Anglais <a href=\"https:\/\/servicelabcanada.ca\/wp-content\/uploads\/2024\/01\/AT_DESODORISANT-LIQUIDE-CERISE_WINTR_4L.pdf\">AT_D\u00c9SODORISANT LIQUIDE CERISE_WINTR_4L<\/a><\/span><\/p>\n<p><span style=\"color: #3366ff\">Fiche technique Fran\u00e7ais <a href=\"https:\/\/servicelabcanada.ca\/wp-content\/uploads\/2024\/01\/AT_DESODORISANT-LIQUIDE-CERISE_WINTR_4L_FR.pdf\">AT_D\u00c9SODORISANT LIQUIDE CERISE_WINTR_4L_FR<\/a><\/span><\/p>\n","protected":false},"featured_media":6778,"template":"","meta":{"_acf_changed":false,"_seopress_robots_primary_cat":"none","_seopress_titles_title":"","_seopress_titles_desc":"","_seopress_robots_index":"","_uag_custom_page_level_css":""},"product_brand":[],"product_cat":[560,228],"product_tag":[],"class_list":{"0":"post-6776","1":"product","2":"type-product","3":"status-publish","4":"has-post-thumbnail","6":"product_cat-deodorizer","7":"product_cat-kitchen-cleaning-sanitation","8":"product_shipping_class-cleaning-sanitation","10":"first","11":"instock","12":"taxable","13":"shipping-taxable","14":"purchasable","15":"product-type-simple"},"acf":[],"uagb_featured_image_src":{"full":["https:\/\/servicelabcanada.ca\/wp-content\/uploads\/2024\/01\/WINTR_DESODIRISANT-CERISE-4X4L-CS.jpg",624,832,false],"thumbnail":["https:\/\/servicelabcanada.ca\/wp-content\/uploads\/2024\/01\/WINTR_DESODIRISANT-CERISE-4X4L-CS-150x150.jpg",150,150,true],"medium":["https:\/\/servicelabcanada.ca\/wp-content\/uploads\/2024\/01\/WINTR_DESODIRISANT-CERISE-4X4L-CS-225x300.jpg",225,300,true],"medium_large":["https:\/\/servicelabcanada.ca\/wp-content\/uploads\/2024\/01\/WINTR_DESODIRISANT-CERISE-4X4L-CS.jpg",624,832,false],"large":["https:\/\/servicelabcanada.ca\/wp-content\/uploads\/2024\/01\/WINTR_DESODIRISANT-CERISE-4X4L-CS.jpg",624,832,false],"1536x1536":["https:\/\/servicelabcanada.ca\/wp-content\/uploads\/2024\/01\/WINTR_DESODIRISANT-CERISE-4X4L-CS.jpg",624,832,false],"2048x2048":["https:\/\/servicelabcanada.ca\/wp-content\/uploads\/2024\/01\/WINTR_DESODIRISANT-CERISE-4X4L-CS.jpg",624,832,false],"gb-block-post-grid-landscape":["https:\/\/servicelabcanada.ca\/wp-content\/uploads\/2024\/01\/WINTR_DESODIRISANT-CERISE-4X4L-CS-600x400.jpg",600,400,true],"gb-block-post-grid-square":["https:\/\/servicelabcanada.ca\/wp-content\/uploads\/2024\/01\/WINTR_DESODIRISANT-CERISE-4X4L-CS-600x600.jpg",600,600,true],"gform-image-choice-sm":["https:\/\/servicelabcanada.ca\/wp-content\/uploads\/2024\/01\/WINTR_DESODIRISANT-CERISE-4X4L-CS.jpg",225,300,false],"gform-image-choice-md":["https:\/\/servicelabcanada.ca\/wp-content\/uploads\/2024\/01\/WINTR_DESODIRISANT-CERISE-4X4L-CS.jpg",300,400,false],"gform-image-choice-lg":["https:\/\/servicelabcanada.ca\/wp-content\/uploads\/2024\/01\/WINTR_DESODIRISANT-CERISE-4X4L-CS.jpg",450,600,false],"woocommerce_thumbnail":["https:\/\/servicelabcanada.ca\/wp-content\/uploads\/2024\/01\/WINTR_DESODIRISANT-CERISE-4X4L-CS-324x324.jpg",324,324,true],"woocommerce_single":["https:\/\/servicelabcanada.ca\/wp-content\/uploads\/2024\/01\/WINTR_DESODIRISANT-CERISE-4X4L-CS-416x555.jpg",416,555,true],"woocommerce_gallery_thumbnail":["https:\/\/servicelabcanada.ca\/wp-content\/uploads\/2024\/01\/WINTR_DESODIRISANT-CERISE-4X4L-CS-100x100.jpg",100,100,true]},"uagb_author_info":{"display_name":"editor","author_link":"https:\/\/servicelabcanada.ca\/en\/author\/"},"uagb_comment_info":0,"uagb_excerpt":"Cherry Liquid Deodorant - 4x4L \/CS &nbsp; DOCUMENTATION: Fiche technique Anglais AT_D\u00c9SODORISANT LIQUIDE CERISE_WINTR_4L Fiche technique Fran\u00e7ais AT_D\u00c9SODORISANT LIQUIDE CERISE_WINTR_4L_FR","_links":{"self":[{"href":"https:\/\/servicelabcanada.ca\/en\/wp-json\/wp\/v2\/product\/6776","targetHints":{"allow":["GET"]}}],"collection":[{"href":"https:\/\/servicelabcanada.ca\/en\/wp-json\/wp\/v2\/product"}],"about":[{"href":"https:\/\/servicelabcanada.ca\/en\/wp-json\/wp\/v2\/types\/product"}],"wp:featuredmedia":[{"embeddable":true,"href":"https:\/\/servicelabcanada.ca\/en\/wp-json\/wp\/v2\/media\/6778"}],"wp:attachment":[{"href":"https:\/\/servicelabcanada.ca\/en\/wp-json\/wp\/v2\/media?parent=6776"}],"wp:term":[{"taxonomy":"product_brand","embeddable":true,"href":"https:\/\/servicelabcanada.ca\/en\/wp-json\/wp\/v2\/product_brand?post=6776"},{"taxonomy":"product_cat","embeddable":true,"href":"https:\/\/servicelabcanada.ca\/en\/wp-json\/wp\/v2\/product_cat?post=6776"},{"taxonomy":"product_tag","embeddable":true,"href":"https:\/\/servicelabcanada.ca\/en\/wp-json\/wp\/v2\/product_tag?post=6776"}],"curies":[{"name":"wp","href":"https:\/\/api.w.org\/{rel}","templated":true}]}}