{"id":9405,"date":"2026-02-20T13:00:10","date_gmt":"2026-02-20T18:00:10","guid":{"rendered":"https:\/\/servicelabcanada.ca\/?post_type=product&#038;p=9405"},"modified":"2026-02-20T13:05:23","modified_gmt":"2026-02-20T18:05:23","slug":"ready-to-use-facility-restroom-cleaner-with-tangerine-oil-12x946ml","status":"publish","type":"product","link":"https:\/\/servicelabcanada.ca\/en\/product\/ready-to-use-facility-restroom-cleaner-with-tangerine-oil-12x946ml\/","title":{"rendered":"READY-TO-USE FACILITY &amp; RESTROOM CLEANER with Tangerine oil (12x946ML)"},"content":{"rendered":"<p>SL READY-TO-USE FACILITY &amp; RESTROOM CLEANER will clean and deodorize all washable hard surfaces leaving a streak free shine. Its solvent-free formula safely cleans floors, walls, wood, ceramic, linoleumz, metals, concrete, plastics, vinyl, porcelain, glass, garbage areas, countertops, bathroom and kitchen tiles, sinks and toilets.<\/p>\n<p>NOTE :<br \/>\nTest on an inconspicuous area prior to use. All surfaces subject to direct food contact must be thoroughly rinsed with potable water before reuse.<\/p>\n<p>STORAGE:<br \/>\nKeep in a tightly sealed container in a well ventilated room. Do not store with food products. Keep from freezing<\/p>\n","protected":false},"excerpt":{"rendered":"<p><span style=\"color: #000080\"><strong>DOCUMENTATION:<\/strong><\/span><\/p>\n<p>SDS <span style=\"color: #ff0000\">Anglais <a href=\"https:\/\/servicelabcanada.ca\/wp-content\/uploads\/2026\/02\/SL-NETTOYANT-PRET-A-UTILISER-POUR-LOCAUX-ET-TOILETTES_16652_950mL_ENG.pdf\">SL NETTOYANT PR\u00caT \u00c0 UTILISER POUR LOCAUX ET TOILETTES_16652_950mL_ENG<\/a><\/span><\/p>\n<p>Fiche technique <span style=\"color: #ff0000\">Anglais\u00a0 <a href=\"https:\/\/servicelabcanada.ca\/wp-content\/uploads\/2026\/02\/SL-NETTOYANT-PRET-A-UTILISER-POUR-LOCAUX-ET-TOILETTES_16652_950mL_ENG-1.pdf\">SL NETTOYANT PR\u00caT \u00c0 UTILISER POUR LOCAUX ET TOILETTES_16652_950mL_ENG<\/a><\/span><\/p>\n<p>SDS <span style=\"color: #3366ff\">Fran\u00e7ais <a href=\"https:\/\/servicelabcanada.ca\/wp-content\/uploads\/2026\/02\/SL-NETTOYANT-PRET-A-UTILISER-POUR-LOCAUX-ET-TOILETTES_16652_950mL_FR.pdf\">SL NETTOYANT PR\u00caT \u00c0 UTILISER POUR LOCAUX ET TOILETTES_16652_950mL_FR<\/a><\/span><\/p>\n<p>Fiche technique <span style=\"color: #3366ff\">Fran\u00e7ais <a href=\"https:\/\/servicelabcanada.ca\/wp-content\/uploads\/2026\/02\/SL-NETTOYANT-PRET-A-UTILISER-POUR-LOCAUX-ET-TOILETTES_16652_950mL_FR-1.pdf\">SL NETTOYANT PR\u00caT \u00c0 UTILISER POUR LOCAUX ET TOILETTES_16652_950mL_FR<\/a><\/span><\/p>\n","protected":false},"featured_media":0,"template":"","meta":{"_acf_changed":false,"_seopress_robots_primary_cat":"none","_seopress_titles_title":"","_seopress_titles_desc":"","_seopress_robots_index":"","_uag_custom_page_level_css":""},"product_brand":[],"product_cat":[554,228],"product_tag":[],"class_list":{"0":"post-9405","1":"product","2":"type-product","3":"status-publish","5":"product_cat-descaler","6":"product_cat-kitchen-cleaning-sanitation","8":"first","9":"instock","10":"taxable","11":"shipping-taxable","12":"product-type-simple"},"acf":[],"uagb_featured_image_src":{"full":false,"thumbnail":false,"medium":false,"medium_large":false,"large":false,"1536x1536":false,"2048x2048":false,"gb-block-post-grid-landscape":false,"gb-block-post-grid-square":false,"gform-image-choice-sm":false,"gform-image-choice-md":false,"gform-image-choice-lg":false,"woocommerce_thumbnail":false,"woocommerce_single":false,"woocommerce_gallery_thumbnail":false},"uagb_author_info":{"display_name":"editor","author_link":"https:\/\/servicelabcanada.ca\/en\/author\/"},"uagb_comment_info":0,"uagb_excerpt":"DOCUMENTATION: SDS Anglais SL NETTOYANT PR\u00caT \u00c0 UTILISER POUR LOCAUX ET TOILETTES_16652_950mL_ENG Fiche technique Anglais\u00a0 SL NETTOYANT PR\u00caT \u00c0 UTILISER POUR LOCAUX ET TOILETTES_16652_950mL_ENG SDS Fran\u00e7ais SL NETTOYANT PR\u00caT \u00c0 UTILISER POUR LOCAUX ET TOILETTES_16652_950mL_FR Fiche technique Fran\u00e7ais SL NETTOYANT PR\u00caT \u00c0 UTILISER POUR LOCAUX ET TOILETTES_16652_950mL_FR","_links":{"self":[{"href":"https:\/\/servicelabcanada.ca\/en\/wp-json\/wp\/v2\/product\/9405","targetHints":{"allow":["GET"]}}],"collection":[{"href":"https:\/\/servicelabcanada.ca\/en\/wp-json\/wp\/v2\/product"}],"about":[{"href":"https:\/\/servicelabcanada.ca\/en\/wp-json\/wp\/v2\/types\/product"}],"wp:attachment":[{"href":"https:\/\/servicelabcanada.ca\/en\/wp-json\/wp\/v2\/media?parent=9405"}],"wp:term":[{"taxonomy":"product_brand","embeddable":true,"href":"https:\/\/servicelabcanada.ca\/en\/wp-json\/wp\/v2\/product_brand?post=9405"},{"taxonomy":"product_cat","embeddable":true,"href":"https:\/\/servicelabcanada.ca\/en\/wp-json\/wp\/v2\/product_cat?post=9405"},{"taxonomy":"product_tag","embeddable":true,"href":"https:\/\/servicelabcanada.ca\/en\/wp-json\/wp\/v2\/product_tag?post=9405"}],"curies":[{"name":"wp","href":"https:\/\/api.w.org\/{rel}","templated":true}]}}