{"id":9435,"date":"2026-04-20T18:18:10","date_gmt":"2026-04-20T22:18:10","guid":{"rendered":"https:\/\/servicelabcanada.ca\/?post_type=product&#038;p=9435"},"modified":"2026-04-20T18:27:47","modified_gmt":"2026-04-20T22:27:47","slug":"sl-cleaner-for-freezers-and-frozen-surfaces-4l","status":"publish","type":"product","link":"https:\/\/servicelabcanada.ca\/en\/product\/sl-cleaner-for-freezers-and-frozen-surfaces-4l\/","title":{"rendered":"SL CLEANER FOR FREEZERS AND FROZEN SURFACES (4L)"},"content":{"rendered":"<p>SL CLEANER FOR FREEZERS AND FROZEN SURFACES is a ready-to-use liquid product. It was created for the food industry including food processing plants, equipment, farm buildings, and landing docks. This product is designed to clean floors, walls, and other surfaces with a temperature of up to -25\u00b0C. This product is ideal for cleaning freezers.<\/p>\n<p>Accepted for use in food processing establishments.<br \/>\nRecommended for organic production according to CAN\/CGSB-32.310-2015 \/ CAN\/CGSB-32.311-2015<br \/>\nCertified Kosher<\/p>\n","protected":false},"excerpt":{"rendered":"<p><span style=\"color: #000080\"><strong>DOCUMENTATION:<\/strong><\/span><\/p>\n<p>SDS <span style=\"color: #ff0000\">Anglais <a href=\"https:\/\/servicelabcanada.ca\/wp-content\/uploads\/2026\/04\/SL-NETTOYANT-DE-CONGELATEUR-ET-AUTRES-SURFACES-GELEES_4L_F05810ASA_ENG.pdf\">SL NETTOYANT DE CONG\u00c9LATEUR ET AUTRES SURFACES GEL\u00c9ES_4L_F05810ASA_ENG<\/a><\/span><\/p>\n<p>Fiche technique <span style=\"color: #ff0000\">Anglais <a href=\"https:\/\/servicelabcanada.ca\/wp-content\/uploads\/2026\/04\/SL-NETTOYANT-DE-CONGELATEUR-ET-AUTRES-SURFACES-GELEES_4L_F05810ASA_ENG-1.pdf\">SL NETTOYANT DE CONG\u00c9LATEUR ET AUTRES SURFACES GEL\u00c9ES_4L_F05810ASA_ENG<\/a><\/span><\/p>\n<p>SDS <span style=\"color: #3366ff\">Fran\u00e7ais <a href=\"https:\/\/servicelabcanada.ca\/wp-content\/uploads\/2026\/04\/SL-NETTOYANT-DE-CONGELATEUR-ET-AUTRES-SURFACES-GELEES_4L_F05810ASA_FR.pdf\">SL NETTOYANT DE CONG\u00c9LATEUR ET AUTRES SURFACES GEL\u00c9ES_4L_F05810ASA_FR<\/a><\/span><\/p>\n<p>Fiche technique <span style=\"color: #3366ff\">Fran\u00e7ais <a href=\"https:\/\/servicelabcanada.ca\/wp-content\/uploads\/2026\/04\/SL-NETTOYANT-DE-CONGELATEUR-ET-AUTRES-SURFACES-GELEES_4L_F05810ASA_FR-1.pdf\">SL NETTOYANT DE CONG\u00c9LATEUR ET AUTRES SURFACES GEL\u00c9ES_4L_F05810ASA_FR<\/a><\/span><\/p>\n","protected":false},"featured_media":0,"template":"","meta":{"_acf_changed":false,"_seopress_robots_primary_cat":"none","_seopress_titles_title":"","_seopress_titles_desc":"","_seopress_robots_index":"","_uag_custom_page_level_css":""},"product_brand":[],"product_cat":[522,228],"product_tag":[],"class_list":{"0":"post-9435","1":"product","2":"type-product","3":"status-publish","5":"product_cat-degreaser","6":"product_cat-kitchen-cleaning-sanitation","8":"first","9":"instock","10":"taxable","11":"shipping-taxable","12":"product-type-simple"},"acf":[],"uagb_featured_image_src":{"full":false,"thumbnail":false,"medium":false,"medium_large":false,"large":false,"1536x1536":false,"2048x2048":false,"gb-block-post-grid-landscape":false,"gb-block-post-grid-square":false,"gform-image-choice-sm":false,"gform-image-choice-md":false,"gform-image-choice-lg":false,"woocommerce_thumbnail":false,"woocommerce_single":false,"woocommerce_gallery_thumbnail":false},"uagb_author_info":{"display_name":"editor","author_link":"https:\/\/servicelabcanada.ca\/en\/author\/"},"uagb_comment_info":0,"uagb_excerpt":"DOCUMENTATION: SDS Anglais SL NETTOYANT DE CONG\u00c9LATEUR ET AUTRES SURFACES GEL\u00c9ES_4L_F05810ASA_ENG Fiche technique Anglais SL NETTOYANT DE CONG\u00c9LATEUR ET AUTRES SURFACES GEL\u00c9ES_4L_F05810ASA_ENG SDS Fran\u00e7ais SL NETTOYANT DE CONG\u00c9LATEUR ET AUTRES SURFACES GEL\u00c9ES_4L_F05810ASA_FR Fiche technique Fran\u00e7ais SL NETTOYANT DE CONG\u00c9LATEUR ET AUTRES SURFACES GEL\u00c9ES_4L_F05810ASA_FR","_links":{"self":[{"href":"https:\/\/servicelabcanada.ca\/en\/wp-json\/wp\/v2\/product\/9435","targetHints":{"allow":["GET"]}}],"collection":[{"href":"https:\/\/servicelabcanada.ca\/en\/wp-json\/wp\/v2\/product"}],"about":[{"href":"https:\/\/servicelabcanada.ca\/en\/wp-json\/wp\/v2\/types\/product"}],"wp:attachment":[{"href":"https:\/\/servicelabcanada.ca\/en\/wp-json\/wp\/v2\/media?parent=9435"}],"wp:term":[{"taxonomy":"product_brand","embeddable":true,"href":"https:\/\/servicelabcanada.ca\/en\/wp-json\/wp\/v2\/product_brand?post=9435"},{"taxonomy":"product_cat","embeddable":true,"href":"https:\/\/servicelabcanada.ca\/en\/wp-json\/wp\/v2\/product_cat?post=9435"},{"taxonomy":"product_tag","embeddable":true,"href":"https:\/\/servicelabcanada.ca\/en\/wp-json\/wp\/v2\/product_tag?post=9435"}],"curies":[{"name":"wp","href":"https:\/\/api.w.org\/{rel}","templated":true}]}}